{"id":1456,"date":"2021-04-21T00:18:43","date_gmt":"2021-04-20T22:18:43","guid":{"rendered":"https:\/\/cezar-cloud.cz\/?page_id=1456"},"modified":"2021-05-16T22:45:00","modified_gmt":"2021-05-16T20:45:00","slug":"kontakt","status":"publish","type":"page","link":"https:\/\/cezar-cloud.cz\/index.php\/kontakt\/","title":{"rendered":"Co pro v\u00e1s m\u016f\u017eeme ud\u011blat?"},"content":{"rendered":"\n<section class=\" ls c-gutter-60     s-pt-75 s-pb-130\"\n         id=\"section-dd54a7b\"\n\t\t\t>\n\t<h6 class=\"d-none\">section-dd54a7b<\/h6>\n\t\t<div class=\"container\">\n\t\t<div class=\"row\">\n\t\t\t<div class=\"col-xs-12 col-12 col-lg-8\" >\n\t\t<h3 class=\"special-heading text-left\">\n\t\t<span class=\"\">\n\t\tFormul\u00e1\u0159 ke kontaktu s n\u00e1mi\t<\/span>\n\t<\/h3>\n\n\t<div class=\"fw-divider-space \" style=\"margin-top: 35px;\"><\/div>\n<div class=\"form-wrapper \">\n\t<form data-fw-form-id=\"fw_form\" method=\"post\" action=\"https:\/\/cezar-cloud.cz\/index.php\/wp-json\/wp\/v2\/pages\/1456\" class=\"fw_form_fw_form\" data-fw-ext-forms-type=\"contact-forms\"><input type=\"hidden\" name=\"fwf\" value=\"fw_form\" \/><input type=\"hidden\" id=\"_nonce_cbf2076ff06204f9df82cacecb07d0fb\" name=\"_nonce_cbf2076ff06204f9df82cacecb07d0fb\" value=\"764b209f30\" \/><input type=\"hidden\" name=\"_wp_http_referer\" value=\"\/index.php\/wp-json\/wp\/v2\/pages\/1456\" \/><input type=\"hidden\" name=\"fw_ext_forms_form_type\" value=\"contact-forms\" \/><input type=\"hidden\" name=\"fw_ext_forms_form_id\" value=\"b017dfc01789d9b415f8b914e76fa52e\" \/><div class=\"wrap-forms\">\n\t<div class=\"row c-gutter-20 c-mb-20\"><\/div><div class=\"row c-gutter-20 c-mb-20\"><div class=\"col-xs-12 col-12 col-lg-6 form-builder-item\">\n\t<div class=\"form-group has-placeholder\">\n\t\t<label for=\"id-1\">Va\u0161e jm\u00e9no\t\t\t<sup>*<\/sup>\t\t<\/label>\n\t\t\t\t<input class=\"form-control\" type=\"text\" name=\"text_ca39577\" placeholder=\"Va\u0161e jm\u00e9no\" value=\"\" id=\"id-1\" required=\"required\">\n\t\t\t<\/div>\n<\/div><div class=\"col-xs-12 col-12 col-lg-6 form-builder-item\">\n\t<div class=\"form-group has-placeholder\">\n\t\t<label for=\"id-2\">P\u0159edm\u011bt zpr\u00e1vy\t\t\t<sup>*<\/sup>\t\t<\/label>\n\t\t\t\t<input class=\"form-control\" type=\"text\" name=\"text_4a2de47\" placeholder=\"P\u0159edm\u011bt zpr\u00e1vy\" value=\"\" id=\"id-2\" required=\"required\">\n\t\t\t<\/div>\n<\/div><\/div><div class=\"row c-gutter-20 c-mb-20\"><div class=\"col-xs-12 col-12 col-lg-6 form-builder-item\">\n\t<div class=\"form-group has-placeholder\">\n\t\t<label for=\"id-3\">Va\u0161e e-mailov\u00e1 adresa\t\t\t<sup>*<\/sup>\t\t<\/label>\n\t\t\t\t<input class=\"form-control\" type=\"text\" name=\"email_34d64ac\" placeholder=\"Va\u0161e e-mailov\u00e1 adresa\" value=\"\" id=\"id-3\" required=\"required\">\n\t\t\t<\/div>\n<\/div><div class=\"col-xs-12 col-12 col-lg-6 form-builder-item\">\n\t<div class=\"form-group has-placeholder\">\n\t\t<label for=\"id-4\">Kontaktn\u00ed telefonn\u00ed \u010d\u00edslo\t\t\t<sup>*<\/sup>\t\t<\/label>\n\t\t<input class=\"form-control\" type=\"text\" name=\"number_7e90895\" placeholder=\"Kontaktn\u00ed telefonn\u00ed \u010d\u00edslo\" value=\"\" id=\"id-4\" required=\"required\" data-constraint=\"{&quot;type&quot;:&quot;value&quot;,&quot;data&quot;:{&quot;min&quot;:0,&quot;max&quot;:0}}\">\n\t\t\t<\/div>\n<\/div><\/div><div class=\"row c-gutter-20 c-mb-20\"><div class=\"col-xs-12 col-12 form-builder-item\">\n\t<div class=\"form-group has-placeholder\">\n\t\t<label for=\"id-5\">Va\u0161e zpr\u00e1va pro n\u00e1s\t\t\t<sup>*<\/sup>\t\t<\/label>\n\t\t\t\t<textarea class=\"form-control\" name=\"textarea_77d4109\" placeholder=\"Va\u0161e zpr\u00e1va pro n\u00e1s\" id=\"id-5\" required=\"required\"><\/textarea>\n\t\t\t<\/div>\n<\/div><\/div><div class=\"row c-gutter-20 c-mb-20\"><\/div><\/div><div class=\"wrap-forms\">\n\t<div class=\"row c-gutter-20 c-mb-20\">\n\t\t<div class=\"col-12 col-sm-12 mb-0\">\n\t\t\t<input class=\"btn btn-maincolor\" type=\"submit\" value=\"Odeslat zpr\u00e1vu\" \/>\n\t\t\t\t\t<\/div>\n\t<\/div>\n<\/div><\/form><\/div><\/div><!-- .col-* -->\n<div class=\"col-xs-12 col-12 col-lg-4\" >\n\t\t<h5 class=\"special-heading text-left\">\n\t\t<span class=\"\">\n\t\tKontakt\t<\/span>\n\t<\/h5>\n\n\t<div class=\"fw-divider-space \" style=\"margin-top: 25px;\"><\/div>\n<ul class=\"custom-style\">\n\t\t\t<li>\n\t\t\t<div class=\"icon-inline\">\n            <div class=\"icon-styled\">\n\n                        <i class=\"fa fa-map-marker  fontsize_16\"><\/i>\n            \n        <\/div>\n        <p>\n                <strong class=\"color-darkgrey\">\n            AB SOLUTIONS s.r.o.<br>        <\/strong>\n                Za Ol\u0161\u00e1vkou 365<br>68601 Uhersk\u00e9 Hradi\u0161t\u011b    <\/p>\n<\/div>\n\t\t<\/li>\n\t\t\t<li>\n\t\t\t<div class=\"icon-inline\">\n            <div class=\"icon-styled\">\n\n                        <a href=\"\" class=\"\">\n                            <i class=\"fa fa-phone  fontsize_16\"><\/i>\n             <\/a> \n        <\/div>\n        <p>\n                +420 571 111 600    <\/p>\n<\/div>\n\t\t<\/li>\n\t\t\t<li>\n\t\t\t<div class=\"icon-inline\">\n            <div class=\"icon-styled\">\n\n                        <a href=\"mailto:cezar@absol.cz\" class=\"\">\n                            <i class=\"fa fa-envelope  fontsize_16\"><\/i>\n             <\/a> \n        <\/div>\n        <p>\n                cezar@absol.cz    <\/p>\n<\/div>\n\t\t<\/li>\n\t\t\t<li>\n\t\t\t<div class=\"icon-inline\">\n            <div class=\"icon-styled\">\n\n                        <i class=\"fa fa-clock-o  fontsize_16\"><\/i>\n            \n        <\/div>\n        <p>\n                Po-P\u00e1 8:00 - 17:00    <\/p>\n<\/div>\n\t\t<\/li>\n\t<\/ul><\/div><!-- .col-* -->\n\n\t<div class=\"fw-divider-space \" style=\"margin-top: 10px;\"><\/div>\n\t\t<\/div>\n\n\t<\/div>\n<\/section>\n\n","protected":false},"excerpt":{"rendered":"<p>section-dd54a7b Formul\u00e1\u0159 ke kontaktu s n\u00e1mi Va\u0161e jm\u00e9no * P\u0159edm\u011bt zpr\u00e1vy * Va\u0161e e-mailov\u00e1 adresa * Kontaktn\u00ed telefonn\u00ed \u010d\u00edslo * Va\u0161e zpr\u00e1va pro n\u00e1s * Kontakt AB SOLUTIONS s.r.o. Za Ol\u0161\u00e1vkou 36568601 Uhersk\u00e9 Hradi\u0161t\u011b +420 571 111 600 cezar@absol.cz Po-P\u00e1 8:00 &#8211; 17:00<\/p>\n","protected":false},"author":1,"featured_media":0,"parent":0,"menu_order":0,"comment_status":"closed","ping_status":"closed","template":"","meta":[],"_links":{"self":[{"href":"https:\/\/cezar-cloud.cz\/index.php\/wp-json\/wp\/v2\/pages\/1456"}],"collection":[{"href":"https:\/\/cezar-cloud.cz\/index.php\/wp-json\/wp\/v2\/pages"}],"about":[{"href":"https:\/\/cezar-cloud.cz\/index.php\/wp-json\/wp\/v2\/types\/page"}],"author":[{"embeddable":true,"href":"https:\/\/cezar-cloud.cz\/index.php\/wp-json\/wp\/v2\/users\/1"}],"replies":[{"embeddable":true,"href":"https:\/\/cezar-cloud.cz\/index.php\/wp-json\/wp\/v2\/comments?post=1456"}],"version-history":[{"count":16,"href":"https:\/\/cezar-cloud.cz\/index.php\/wp-json\/wp\/v2\/pages\/1456\/revisions"}],"predecessor-version":[{"id":1628,"href":"https:\/\/cezar-cloud.cz\/index.php\/wp-json\/wp\/v2\/pages\/1456\/revisions\/1628"}],"wp:attachment":[{"href":"https:\/\/cezar-cloud.cz\/index.php\/wp-json\/wp\/v2\/media?parent=1456"}],"curies":[{"name":"wp","href":"https:\/\/api.w.org\/{rel}","templated":true}]}}