{"id":1454,"date":"2021-04-21T00:18:32","date_gmt":"2021-04-20T22:18:32","guid":{"rendered":"https:\/\/cezar-cloud.cz\/?page_id=1454"},"modified":"2022-10-11T12:47:53","modified_gmt":"2022-10-11T10:47:53","slug":"cenove-plany","status":"publish","type":"page","link":"https:\/\/cezar-cloud.cz\/index.php\/cenove-plany\/","title":{"rendered":"Cenov\u00e9 pl\u00e1ny C\u00e9zar Cloud"},"content":{"rendered":"<p>\n<section class=\" ls      s-pt-50 s-pb-50\"\n         id=\"section-ec3d8aa\"\n\t\t\t>\n\t<h6 class=\"d-none\">section-ec3d8aa<\/h6>\n\t\t<div class=\"container\">\n\t\t<div class=\"row\">\n\t\t\t<div class=\"col-xs-12 col-12\" >\n\t\t<h6 class=\"special-heading text-center\">\n\t\t<span class=\"\">\n\t\t<span class=\"above\">R\u016fzn\u00e9 varianty vyu\u017e\u00edv\u00e1n\u00ed pro men\u0161\u00ed i v\u011bt\u0161\u00ed firmy<\/span>\t<\/span>\n\t<\/h6>\n<div class=\"fw-divider-space \"><\/div>\n\t<h4 class=\"special-heading text-center\">\n\t\t<span class=\"\">\n\t\tVyberte si cenov\u00fd pl\u00e1n, kter\u00fd v\u00e1m bude vyhovovat\t<\/span>\n\t<\/h4>\n<div class=\"fw-divider-space divider-20\"><\/div>\n<p>Ka\u017ed\u00e1 firma m\u00e1 jin\u00e9 pot\u0159eby. A proto jsme navrhli n\u011bkolik r\u016fzn\u00fdch cenov\u00fdch pl\u00e1n\u016f, kter\u00e9 odr\u00e1\u017een\u00ed n\u00e1ro\u010dnost u\u017eivatel\u016f, jejich po\u010det i velikosti va\u0161\u00ed datab\u00e1ze informa\u010dn\u00edho syst\u00e9mu C\u00e9zar. Pokud si nejste jisti, kter\u00fd cenov\u00fd pl\u00e1n bude pro v\u00e1s ten nejvhodn\u011bj\u0161\u00ed, kontaktujte n\u00e1s a na\u0161i odborn\u00edci v\u00e1m porad\u00ed to nejlep\u0161\u00ed \u0159e\u0161en\u00ed pro va\u0161i spole\u010dnost.<\/p><\/div><!-- .col-* -->\n\t\t<\/div>\n\n\t<\/div>\n<\/section>\n\n<section class=\" ls ms      s-pt-50 s-pb-50\"\n         id=\"section-b35ddc8\"\n\t\t\t>\n\t<h6 class=\"d-none\">section-b35ddc8<\/h6>\n\t\t<div class=\"container\">\n\t\t<div class=\"row\">\n\t\t\t<div class=\"col-xs-12 col-12 col-lg-4\" >\n\t<div class=\"pricing-plan box-shadow color_style1 \">\n\t\n\t\t<div class=\"plan-name\">\n\t\t<h3>\n\t\t\tSd\u00edlen\u00fd server<br><span style=\"font-weight: bold\">START<\/span>\t\t<\/h3>\n\t<\/div>\n\t\n\n\n\t\n\t\t\t<div class=\"plan-header\">\n\t\t\t\t\t\t\t<ul>\n\t\t\t\t\t\t\t\t\t\t\t<li class=\"plan-header-title\">\n\t\t\t\t\t\t\tDoporu\u010deno pro\t\t\t\t\t\t<\/li>\n\t\t\t\t\t\t\t\t\t\t\t<li class=\"plan-header-aftertitle\">\n\t\t\t\t\t\t\t1-3 u\u017eivatele\t\t\t\t\t\t<\/li>\n\t\t\t\t\t\t\t\t\t\t\t<li class=\"plan-header-text\">\n\t\t\t\t\t\t\tV\u0161ichni u\u017eivatel\u00e9,<br>kte\u0159\u00ed pracuj\u00ed s IS C\u00c9ZAR\t\t\t\t\t\t<\/li>\n\t\t\t\t\t\t\t\t\t\t\t<li class=\"plan-header-title\">\n\t\t\t\t\t\t\tCena za u\u017eivatele\t\t\t\t\t\t<\/li>\n\t\t\t\t\t\t\t\t\t\t\t<li class=\"plan-header-aftertitle\">\n\t\t\t\t\t\t\t290 K\u010d\t\t\t\t\t\t<\/li>\n\t\t\t\t\t\t\t\t\t\t\t<li class=\"plan-header-text\">\n\t\t\t\t\t\t\tZa ka\u017ed\u00e9ho u\u017eivatele\t\t\t\t\t\t<\/li>\n\t\t\t\t\t\t\t\t\t<\/ul>\n\t\t\t\t\t\t\t\t\t\t<div class=\"plan-image\">\n\t\t\t\t\t<img src=\"\/\/cezar-cloud.cz\/wp-content\/uploads\/2021\/08\/ceny-share.png\"\n\t\t\t\t\t     alt=\"Sd\u00edlen\u00fd server&lt;br&gt;&lt;span style=&quot;font-weight: bold;&quot;&gt;START&lt;\/span&gt;\">\n\t\t\t\t<\/div>\n\t\t\t\t\t<\/div>\n\t\n\t\t\t<div class=\"plan-features\">\n\t\t\t<ul class=\"list-styled-circle\">\n\t\t\t\t\t\t\t\t\t<li class=\"default\">\n\t\t\t\t\t\t\u010casov\u011b neomezen\u00fd p\u0159\u00edstup k serveru\t\t\t\t\t<\/li>\n\t\t\t\t\t\t\t\t\t<li class=\"default\">\n\t\t\t\t\t\tRychlost p\u0159ipojen\u00ed k Internetu: 1Gb\/s\t\t\t\t\t<\/li>\n\t\t\t\t\t\t\t\t\t<li class=\"default\">\n\t\t\t\t\t\tVlastn\u00ed licence IS C\u00e9zar\t\t\t\t\t<\/li>\n\t\t\t\t\t\t\t\t\t<li class=\"default\">\n\t\t\t\t\t\tUhrazeny licence MS Server\t\t\t\t\t<\/li>\n\t\t\t\t\t\t\t\t\t<li class=\"default\">\n\t\t\t\t\t\tZabezpe\u010deno VPN tunelem\t\t\t\t\t<\/li>\n\t\t\t\t\t\t\t\t\t<li class=\"default\">\n\t\t\t\t\t\tPravideln\u00e1 z\u00e1loha 1x denn\u011b\t\t\t\t\t<\/li>\n\t\t\t\t\t\t\t\t\t<li class=\"default\">\n\t\t\t\t\t\tSpole\u010dn\u00fd sd\u00edlen\u00fd server\t\t\t\t\t<\/li>\n\t\t\t\t\t\t\t\t\t<li class=\"default\">\n\t\t\t\t\t\tNem\u011bniteln\u00e9 standardn\u00ed nastaven\u00ed\t\t\t\t\t<\/li>\n\t\t\t\t\t\t\t\t\t<li class=\"default\">\n\t\t\t\t\t\tVPN tunel pouze pro u\u017eivatele\t\t\t\t\t<\/li>\n\t\t\t\t\t\t\t\t\t<li class=\"default\">\n\t\t\t\t\t\tKapacita datab\u00e1ze na serveru 10GB\t\t\t\t\t<\/li>\n\t\t\t\t\t\t\t<\/ul>\n\t\t<\/div>\n\t\n\n\t<div class=\"price-wrap color-darkgrey\">\n\t\t\t\t\t<span class=\"plan-sign\">Pron\u00e1jem<\/span>\n\t\t\t\t\t\t\t<span class=\"plan-price\">690<\/span>\n\t\t\t\t\t\t\t<span class=\"plan-decimals\">K\u010d \/ m\u011bs\u00edc<\/span>\n\t\t\t<\/div>\n\n\n\t<div class=\"plan-button\">\n\t\t\t<a href=\"\/index.php\/poptavka-reseni-cezar-cloud\/\" target=\"_self\"\n\t\t   class=\"btn btn-maincolor wide_button\">\n\t\t\t<span>Poptat sd\u00edlen\u00e9 \u0159e\u0161en\u00ed<\/span>\n\t\t<\/a>\n\t<\/div>\n<\/div>\n<\/div><!-- .col-* -->\n<div class=\"col-xs-12 col-12 col-lg-4\" >\n\t<div class=\"pricing-plan box-shadow color_style1 \">\n\t\n\t\t<div class=\"plan-name\">\n\t\t<h3>\n\t\t\tPriv\u00e1tn\u00ed server<br><span style=\"font-weight: bold\">BASIC<\/span>\t\t<\/h3>\n\t<\/div>\n\t\n\n\n\t\n\t\t\t<div class=\"plan-header\">\n\t\t\t\t\t\t\t<ul>\n\t\t\t\t\t\t\t\t\t\t\t<li class=\"plan-header-title\">\n\t\t\t\t\t\t\tDoporu\u010deno pro\t\t\t\t\t\t<\/li>\n\t\t\t\t\t\t\t\t\t\t\t<li class=\"plan-header-aftertitle\">\n\t\t\t\t\t\t\t1-5 u\u017eivatel\u016f\t\t\t\t\t\t<\/li>\n\t\t\t\t\t\t\t\t\t\t\t<li class=\"plan-header-text\">\n\t\t\t\t\t\t\tV\u0161ichni u\u017eivatel\u00e9,<br>kte\u0159\u00ed pracuj\u00ed s IS C\u00c9ZAR\t\t\t\t\t\t<\/li>\n\t\t\t\t\t\t\t\t\t\t\t<li class=\"plan-header-title\">\n\t\t\t\t\t\t\tCena za u\u017eivatele\t\t\t\t\t\t<\/li>\n\t\t\t\t\t\t\t\t\t\t\t<li class=\"plan-header-aftertitle\">\n\t\t\t\t\t\t\t250 K\u010d\t\t\t\t\t\t<\/li>\n\t\t\t\t\t\t\t\t\t\t\t<li class=\"plan-header-text\">\n\t\t\t\t\t\t\tZa ka\u017ed\u00e9ho u\u017eivatele\t\t\t\t\t\t<\/li>\n\t\t\t\t\t\t\t\t\t<\/ul>\n\t\t\t\t\t\t\t\t\t\t<div class=\"plan-image\">\n\t\t\t\t\t<img src=\"\/\/cezar-cloud.cz\/wp-content\/uploads\/2021\/08\/user-private-basic.png\"\n\t\t\t\t\t     alt=\"Priv\u00e1tn\u00ed server&lt;br&gt;&lt;span style=&quot;font-weight: bold;&quot;&gt;BASIC&lt;\/span&gt;\">\n\t\t\t\t<\/div>\n\t\t\t\t\t<\/div>\n\t\n\t\t\t<div class=\"plan-features\">\n\t\t\t<ul class=\"list-styled-circle\">\n\t\t\t\t\t\t\t\t\t<li class=\"default\">\n\t\t\t\t\t\t\u010casov\u011b neomezen\u00fd p\u0159\u00edstup k serveru\t\t\t\t\t<\/li>\n\t\t\t\t\t\t\t\t\t<li class=\"default\">\n\t\t\t\t\t\tRychlost p\u0159ipojen\u00ed k Internetu: 1Gb\/s\t\t\t\t\t<\/li>\n\t\t\t\t\t\t\t\t\t<li class=\"default\">\n\t\t\t\t\t\tVlastn\u00ed licence IS C\u00e9zar\t\t\t\t\t<\/li>\n\t\t\t\t\t\t\t\t\t<li class=\"default\">\n\t\t\t\t\t\tUhrazeny licence MS Server\t\t\t\t\t<\/li>\n\t\t\t\t\t\t\t\t\t<li class=\"default\">\n\t\t\t\t\t\tZabezpe\u010deno VPN tunelem\t\t\t\t\t<\/li>\n\t\t\t\t\t\t\t\t\t<li class=\"default\">\n\t\t\t\t\t\tPravideln\u00e1 z\u00e1loha 1x denn\u011b\t\t\t\t\t<\/li>\n\t\t\t\t\t\t\t\t\t<li class=\"default\">\n\t\t\t\t\t\tPriv\u00e1tn\u00ed odd\u011blen\u00fd server\t\t\t\t\t<\/li>\n\t\t\t\t\t\t\t\t\t<li class=\"default\">\n\t\t\t\t\t\tMo\u017enost individu\u00e1ln\u00edch nastaven\u00ed\t\t\t\t\t<\/li>\n\t\t\t\t\t\t\t\t\t<li class=\"default\">\n\t\t\t\t\t\tTrval\u00fd VPN tunel pro s\u00ed\u0165 i u\u017eivatele\t\t\t\t\t<\/li>\n\t\t\t\t\t\t\t\t\t<li class=\"default\">\n\t\t\t\t\t\tKapacita serveru + datab\u00e1ze 40GB\t\t\t\t\t<\/li>\n\t\t\t\t\t\t\t<\/ul>\n\t\t<\/div>\n\t\n\n\t<div class=\"price-wrap color-darkgrey\">\n\t\t\t\t\t<span class=\"plan-sign\">Pron\u00e1jem<\/span>\n\t\t\t\t\t\t\t<span class=\"plan-price\">1 490<\/span>\n\t\t\t\t\t\t\t<span class=\"plan-decimals\">K\u010d \/ m\u011bs\u00edc<\/span>\n\t\t\t<\/div>\n\n\n\t<div class=\"plan-button\">\n\t\t\t<a href=\"\/index.php\/poptavka-reseni-cezar-cloud\/\" target=\"_self\"\n\t\t   class=\"btn btn-maincolor wide_button\">\n\t\t\t<span>Poptat priv\u00e1tn\u00ed \u0159e\u0161en\u00ed<\/span>\n\t\t<\/a>\n\t<\/div>\n<\/div>\n<\/div><!-- .col-* -->\n<div class=\"col-xs-12 col-12 col-lg-4\" >\n\t<div class=\"pricing-plan box-shadow color_style1 \">\n\t\n\t\t<div class=\"plan-name\">\n\t\t<h3>\n\t\t\tPriv\u00e1tn\u00ed server<br><span style=\"font-weight: bold\">PROFESSIONAL<\/span>\t\t<\/h3>\n\t<\/div>\n\t\n\n\n\t\n\t\t\t<div class=\"plan-header\">\n\t\t\t\t\t\t\t<ul>\n\t\t\t\t\t\t\t\t\t\t\t<li class=\"plan-header-title\">\n\t\t\t\t\t\t\tDoporu\u010deno pro\t\t\t\t\t\t<\/li>\n\t\t\t\t\t\t\t\t\t\t\t<li class=\"plan-header-aftertitle\">\n\t\t\t\t\t\t\ta\u017e 10 u\u017eivatel\u016f\t\t\t\t\t\t<\/li>\n\t\t\t\t\t\t\t\t\t\t\t<li class=\"plan-header-text\">\n\t\t\t\t\t\t\tV\u0161ichni u\u017eivatel\u00e9,<br>kte\u0159\u00ed pracuj\u00ed s IS C\u00c9ZAR\t\t\t\t\t\t<\/li>\n\t\t\t\t\t\t\t\t\t\t\t<li class=\"plan-header-title\">\n\t\t\t\t\t\t\tCena za u\u017eivatele\t\t\t\t\t\t<\/li>\n\t\t\t\t\t\t\t\t\t\t\t<li class=\"plan-header-aftertitle\">\n\t\t\t\t\t\t\t250 K\u010d\t\t\t\t\t\t<\/li>\n\t\t\t\t\t\t\t\t\t\t\t<li class=\"plan-header-text\">\n\t\t\t\t\t\t\tZa ka\u017ed\u00e9ho u\u017eivatele\t\t\t\t\t\t<\/li>\n\t\t\t\t\t\t\t\t\t<\/ul>\n\t\t\t\t\t\t\t\t\t\t<div class=\"plan-image\">\n\t\t\t\t\t<img src=\"\/\/cezar-cloud.cz\/wp-content\/uploads\/2021\/08\/ceny-private-professional.png\"\n\t\t\t\t\t     alt=\"Priv\u00e1tn\u00ed server&lt;br&gt;&lt;span style=&quot;font-weight: bold;&quot;&gt;PROFESSIONAL&lt;\/span&gt;\">\n\t\t\t\t<\/div>\n\t\t\t\t\t<\/div>\n\t\n\t\t\t<div class=\"plan-features\">\n\t\t\t<ul class=\"list-styled-circle\">\n\t\t\t\t\t\t\t\t\t<li class=\"default\">\n\t\t\t\t\t\t\u010casov\u011b neomezen\u00fd p\u0159\u00edstup k serveru\t\t\t\t\t<\/li>\n\t\t\t\t\t\t\t\t\t<li class=\"default\">\n\t\t\t\t\t\tRychlost p\u0159ipojen\u00ed k Internetu: 1Gb\/s\t\t\t\t\t<\/li>\n\t\t\t\t\t\t\t\t\t<li class=\"default\">\n\t\t\t\t\t\tVlastn\u00ed licence IS C\u00e9zar\t\t\t\t\t<\/li>\n\t\t\t\t\t\t\t\t\t<li class=\"default\">\n\t\t\t\t\t\tUhrazeny licence MS Server\t\t\t\t\t<\/li>\n\t\t\t\t\t\t\t\t\t<li class=\"default\">\n\t\t\t\t\t\tZabezpe\u010deno VPN tunelem\t\t\t\t\t<\/li>\n\t\t\t\t\t\t\t\t\t<li class=\"default\">\n\t\t\t\t\t\tPravideln\u00e1 z\u00e1loha 1x denn\u011b\t\t\t\t\t<\/li>\n\t\t\t\t\t\t\t\t\t<li class=\"default\">\n\t\t\t\t\t\tPriv\u00e1tn\u00ed odd\u011blen\u00fd server\t\t\t\t\t<\/li>\n\t\t\t\t\t\t\t\t\t<li class=\"default\">\n\t\t\t\t\t\tMo\u017enost individu\u00e1ln\u00edch nastaven\u00ed\t\t\t\t\t<\/li>\n\t\t\t\t\t\t\t\t\t<li class=\"default\">\n\t\t\t\t\t\tTrval\u00fd VPN tunel pro s\u00ed\u0165 i u\u017eivatele\t\t\t\t\t<\/li>\n\t\t\t\t\t\t\t\t\t<li class=\"default\">\n\t\t\t\t\t\tKapacita serveru + datab\u00e1ze 60GB\t\t\t\t\t<\/li>\n\t\t\t\t\t\t\t<\/ul>\n\t\t<\/div>\n\t\n\n\t<div class=\"price-wrap color-darkgrey\">\n\t\t\t\t\t<span class=\"plan-sign\">Pron\u00e1jem<\/span>\n\t\t\t\t\t\t\t<span class=\"plan-price\">2 490<\/span>\n\t\t\t\t\t\t\t<span class=\"plan-decimals\">K\u010d \/ m\u011bs\u00edc<\/span>\n\t\t\t<\/div>\n\n\n\t<div class=\"plan-button\">\n\t\t\t<a href=\"\/index.php\/poptavka-reseni-cezar-cloud\/\" target=\"_self\"\n\t\t   class=\"btn btn-maincolor wide_button\">\n\t\t\t<span>Poptat priv\u00e1tn\u00ed \u0159e\u0161en\u00ed<\/span>\n\t\t<\/a>\n\t<\/div>\n<\/div>\n<\/div><!-- .col-* -->\n\t\t<\/div>\n\n\t<\/div>\n<\/section>\n\n<section class=\" ls      s-pt-50 s-pb-50\"\n         id=\"section-f947b79\"\n\t\t\t>\n\t<h6 class=\"d-none\">section-f947b79<\/h6>\n\t\t<div class=\"container\">\n\t\t<div class=\"row\">\n\t\t\t<div class=\"col-xs-12 col-12 text-center\" >\n\t\t<h6 class=\"special-heading text-center\">\n\t\t<span class=\"\">\n\t\t<span class=\"above\">Pro firmy s v\u011bt\u0161\u00edm po\u010dtem u\u017eivatel\u016f<\/span>\t<\/span>\n\t<\/h6>\n\t<h4 class=\"special-heading text-center\">\n\t\t<span class=\"\">\n\t\tIndividu\u00e1ln\u00ed cenov\u00fd pl\u00e1n\t<\/span>\n\t<\/h4>\n<div class=\"fw-divider-space divider-20\"><\/div>\n<p>Pokud m\u00e1te speci\u00e1ln\u00ed po\u017eadavky nebo v\u011bt\u0161\u00ed po\u010det u\u017eivatel\u016f, p\u0159iprav\u00edme v\u00e1m individ\u00e1ln\u00ed cenov\u00fd pl\u00e1n, kter\u00fd bude odpov\u00eddat va\u0161im pot\u0159eb\u00e1m.<\/p><a href=\"\/index.php\/poptavka-reseni-cezar-cloud\/\"\n\ttarget=\"_self\"\n\tclass=\"btn btn-maincolor wide_button\">\n\t<span>Poptat individu\u00e1ln\u00ed \u0159e\u0161en\u00ed<\/span>\n<\/a>\n<\/div><!-- .col-* -->\n\t\t<\/div>\n\n\t<\/div>\n<\/section>\n\n<section class=\" ds     s-pt-50 s-pb-50              cover-background s-overlay\"\n         id=\"section-51c9875\"\n\tstyle=\"background-image:url(https:\/\/cezar-cloud.cz\/wp-content\/uploads\/2021\/08\/formular-background.jpg);\"\t\t>\n\t<h6 class=\"d-none\">section-51c9875<\/h6>\n\t\t<div class=\"container\">\n\t\t<div class=\"row\">\n\t\t\t<div class=\"col-xs-12 col-12\" >\n\t<div class=\"form-wrapper \">\n\t<form data-fw-form-id=\"fw_form\" method=\"post\" action=\"https:\/\/cezar-cloud.cz\/index.php\/wp-json\/wp\/v2\/pages\/1454\" class=\"fw_form_fw_form\" data-fw-ext-forms-type=\"contact-forms\"><input type=\"hidden\" name=\"fwf\" value=\"fw_form\" \/><input type=\"hidden\" id=\"_nonce_6b65adf87dfa4c0f9f1add10925be14a\" name=\"_nonce_6b65adf87dfa4c0f9f1add10925be14a\" value=\"2f62e5f5a1\" \/><input type=\"hidden\" name=\"_wp_http_referer\" value=\"\/index.php\/wp-json\/wp\/v2\/pages\/1454\" \/><input type=\"hidden\" name=\"fw_ext_forms_form_type\" value=\"contact-forms\" \/><input type=\"hidden\" name=\"fw_ext_forms_form_id\" value=\"8fc40b921742031c267c2939daf2c413\" \/><div class=\"wrap-forms\">\n\t<div class=\"row c-gutter-30 c-mb-15\"><div class=\"col-xs-12 form-builder-item\">\n\t<div class=\"header title\">\n\t\t<h2>Pot\u0159ebujete poradit s v\u00fdb\u011brem cenov\u00e9ho pl\u00e1nu?<\/h2>\n\t\t\t<\/div>\n<\/div><\/div><div class=\"row c-gutter-30 c-mb-15\"><div class=\"col-xs-12 col-12 col-lg-6 form-builder-item\">\n\t<div class=\"form-group has-placeholder\">\n\t\t<label for=\"id-1\">N\u00e1zev va\u0161\u00ed firmy\t\t\t<sup>*<\/sup>\t\t<\/label>\n\t\t\t\t\t<i class=\"fa fa-building\"><\/i>\n\t\t\t\t<input class=\"form-control\" type=\"text\" name=\"text_5caf118\" placeholder=\"\" value=\"\" id=\"id-1\" required=\"required\">\n\t\t\t<\/div>\n<\/div><div class=\"col-xs-12 col-12 col-lg-6 form-builder-item\">\n\t<div class=\"form-group has-placeholder\">\n\t\t<label for=\"id-2\">Kontaktn\u00ed osoba\t\t\t<sup>*<\/sup>\t\t<\/label>\n\t\t\t\t\t<i class=\"fa fa-user\"><\/i>\n\t\t\t\t<input class=\"form-control\" type=\"text\" name=\"text_514f3bb\" placeholder=\"\" value=\"\" id=\"id-2\" required=\"required\">\n\t\t\t<\/div>\n<\/div><\/div><div class=\"row c-gutter-30 c-mb-15\"><div class=\"col-xs-12 col-12 col-lg-6 form-builder-item\">\n\t<div class=\"form-group has-placeholder\">\n\t\t<label for=\"id-3\">Telefon\t\t\t<sup>*<\/sup>\t\t<\/label>\n\t\t\t\t\t<i class=\"fa fa-phone\"><\/i>\n\t\t\t\t<input class=\"form-control\" type=\"text\" name=\"text_c9a01ff\" placeholder=\"\" value=\"\" id=\"id-3\" required=\"required\">\n\t\t\t<\/div>\n<\/div><div class=\"col-xs-12 col-12 col-lg-6 form-builder-item\">\n\t<div class=\"form-group has-placeholder\">\n\t\t<label for=\"id-4\">E-mail\t\t\t<sup>*<\/sup>\t\t<\/label>\n\t\t\t\t\t<i class=\"fa fa-envelope\"><\/i>\n\t\t\t\t<input class=\"form-control\" type=\"text\" name=\"text_92db803\" placeholder=\"\" value=\"\" id=\"id-4\" required=\"required\">\n\t\t\t<\/div>\n<\/div><\/div><div class=\"row c-gutter-30 c-mb-15\"><div class=\"col-xs-12 col-12 form-builder-item\">\n\t<div class=\"form-group has-placeholder\">\n\t\t<label for=\"id-5\">S \u010d\u00edm v\u00e1m m\u016f\u017eeme pomoci? M\u00e1te n\u011bjak\u00e9 ot\u00e1zky?\t\t\t\t\t<\/label>\n\t\t\t\t\t<i class=\"fa fa-align-left\"><\/i>\n\t\t\t\t<textarea class=\"form-control\" name=\"textarea_d297f02\" placeholder=\"\" id=\"id-5\"><\/textarea>\n\t\t\t<\/div>\n<\/div><\/div><div class=\"row c-gutter-30 c-mb-15\"><\/div><\/div><div class=\"wrap-forms\">\n\t<div class=\"row c-gutter-30 c-mb-15\">\n\t\t<div class=\"col-12 col-sm-12 mb-0\">\n\t\t\t<input class=\"btn btn-maincolor\" type=\"submit\" value=\"Odeslat\" \/>\n\t\t\t\t\t<\/div>\n\t<\/div>\n<\/div><\/form><\/div><\/div><!-- .col-* -->\n\t\t<\/div>\n\n\t<\/div>\n<\/section>\n<\/p>\n","protected":false},"excerpt":{"rendered":"<p>section-ec3d8aa R\u016fzn\u00e9 varianty vyu\u017e\u00edv\u00e1n\u00ed pro men\u0161\u00ed i v\u011bt\u0161\u00ed firmy Vyberte si cenov\u00fd pl\u00e1n, kter\u00fd v\u00e1m bude vyhovovat Ka\u017ed\u00e1 firma m\u00e1 jin\u00e9 pot\u0159eby. A proto jsme navrhli n\u011bkolik r\u016fzn\u00fdch cenov\u00fdch pl\u00e1n\u016f, kter\u00e9 odr\u00e1\u017een\u00ed n\u00e1ro\u010dnost u\u017eivatel\u016f, jejich po\u010det i velikosti va\u0161\u00ed datab\u00e1ze informa\u010dn\u00edho syst\u00e9mu C\u00e9zar. Pokud si nejste jisti, kter\u00fd cenov\u00fd pl\u00e1n bude pro v\u00e1s ten nejvhodn\u011bj\u0161\u00ed, [&hellip;]<\/p>\n","protected":false},"author":1,"featured_media":0,"parent":0,"menu_order":0,"comment_status":"closed","ping_status":"closed","template":"page-templates\/full-width.php","meta":[],"_links":{"self":[{"href":"https:\/\/cezar-cloud.cz\/index.php\/wp-json\/wp\/v2\/pages\/1454"}],"collection":[{"href":"https:\/\/cezar-cloud.cz\/index.php\/wp-json\/wp\/v2\/pages"}],"about":[{"href":"https:\/\/cezar-cloud.cz\/index.php\/wp-json\/wp\/v2\/types\/page"}],"author":[{"embeddable":true,"href":"https:\/\/cezar-cloud.cz\/index.php\/wp-json\/wp\/v2\/users\/1"}],"replies":[{"embeddable":true,"href":"https:\/\/cezar-cloud.cz\/index.php\/wp-json\/wp\/v2\/comments?post=1454"}],"version-history":[{"count":59,"href":"https:\/\/cezar-cloud.cz\/index.php\/wp-json\/wp\/v2\/pages\/1454\/revisions"}],"predecessor-version":[{"id":1820,"href":"https:\/\/cezar-cloud.cz\/index.php\/wp-json\/wp\/v2\/pages\/1454\/revisions\/1820"}],"wp:attachment":[{"href":"https:\/\/cezar-cloud.cz\/index.php\/wp-json\/wp\/v2\/media?parent=1454"}],"curies":[{"name":"wp","href":"https:\/\/api.w.org\/{rel}","templated":true}]}}