{"id":1450,"date":"2021-04-21T00:18:10","date_gmt":"2021-04-20T22:18:10","guid":{"rendered":"https:\/\/cezar-cloud.cz\/?page_id=1450"},"modified":"2021-08-27T20:29:55","modified_gmt":"2021-08-27T18:29:55","slug":"aplikacni-server","status":"publish","type":"page","link":"https:\/\/cezar-cloud.cz\/index.php\/aplikacni-server\/","title":{"rendered":"Aplika\u010dn\u00ed server"},"content":{"rendered":"<p>\n<section class=\" ls ms      s-pt-50 s-pb-50\"\n         id=\"section-20806c8\"\n\t\t\t>\n\t<h6 class=\"d-none\">section-20806c8<\/h6>\n\t\t<div class=\"container\">\n\t\t<div class=\"row\">\n\t\t\t<div class=\"col-xs-12 col-12\" >\n\t\t<h6 class=\"special-heading text-center\">\n\t\t<span class=\"\">\n\t\t<span class=\"above\">Speci\u00e1ln\u011b navr\u017een\u00fd aplika\u010dn\u00ed server<\/span>\t<\/span>\n\t<\/h6>\n<div class=\"fw-divider-space \"><\/div>\n\t<h5 class=\"special-heading text-center\">\n\t\t<span class=\"\">\n\t\tPro informa\u010dn\u00ed syst\u00e9m C\u00c9ZAR G3 a G4\t<\/span>\n\t<\/h5>\n<div class=\"fw-divider-space divider-20\"><\/div>\n<p>Jako dlouholet\u00fd servisn\u00ed partner informa\u010dn\u00edho syst\u00e9mu C\u00e9zar jsme pro V\u00e1s p\u0159ipravili aplika\u010dn\u00ed a datab\u00e1zov\u00e9 servery <strong>vylad\u011bn\u00e9<\/strong> pro pot\u0159eby <strong>perfektn\u00edho fungov\u00e1n\u00ed<\/strong> tohoto informa\u010dn\u00edho syst\u00e9mu. Sou\u010dasn\u011b s bezprobl\u00e9movou prac\u00ed informa\u010dn\u00edho syst\u00e9mu je velk\u00fd d\u016fraz kladen\u00fd tak\u00e9 na zabezpe\u010den\u00ed v\u0161ech na\u0161ich server\u016f. <strong>Zabezpe\u010den\u00ed<\/strong> je na \u00farovni hardware, kdy m\u00e1me v\u0161echny d\u016fle\u017eit\u00e9 s\u00ed\u0165ov\u00e9 prvky serverov\u00e9 infrastruktury dublovan\u00e9 a z\u00e1rove\u0148 m\u00e1me zabezpe\u010deny i va\u0161e data tak, \u017ee k nim u\u017eivatel\u00e9 nemaj\u00ed \u017e\u00e1dn\u00fd osobn\u00ed p\u0159\u00edstup, aby nemohlo doj\u00edt k jejich zcizen\u00ed \u010di zni\u010den\u00ed.<\/p><\/div><!-- .col-* -->\n\t\t<\/div>\n\n\t<\/div>\n<\/section>\n\n<section class=\" ls      s-pt-80 s-pb-50\"\n         id=\"section-0745f7c\"\n\t\t\t>\n\t<h6 class=\"d-none\">section-0745f7c<\/h6>\n\t\t<div class=\"container\">\n\t\t<div class=\"row\">\n\t\t\t<div class=\"col-xs-12 col-12 col-lg-8\" >\n\t\t<h6 class=\"special-heading text-center\">\n\t\t<span class=\"\">\n\t\t<span class=\"above\">Infrastruktura server\u016f<\/span>\t<\/span>\n\t<\/h6>\n<div class=\"fw-divider-space \"><\/div>\n\t<h5 class=\"special-heading text-center\">\n\t\t<span class=\"\">\n\t\tZabezpe\u010den\u00ed v\u0161ech server\u016f\t<\/span>\n\t<\/h5>\n<div class=\"fw-divider-space divider-20\"><\/div>\n<p>Servery jsou um\u00edst\u011bny v modern\u00edm serverov\u00e9m centru se zabezpe\u010den\u00edm neopr\u00e1vn\u011bn\u00e9ho p\u0159\u00edstupu. Jsou pod neust\u00e1l\u00fdm dohledem technik\u016f. Pokud by n\u011bkter\u00fd z nich selhal, v\u0161e bude b\u011bhem kr\u00e1tk\u00e9 doby obnoveno z dal\u0161\u00edho serveru a vy m\u016f\u017eete op\u011bt pracovat.<\/p><ul class=\"custom-style\">\n\t\t\t<li>\n\t\t\t<div class=\"icon-inline\">\n            <div class=\"icon-styled\">\n\n                        <i class=\"fa fa-check  fontsize_16\"><\/i>\n            \n        <\/div>\n        <p>\n                P\u0159\u00edstup k server\u016fm je zabezpe\u010den\u00fd pouze pro opr\u00e1vn\u011bn\u00e9 osoby    <\/p>\n<\/div>\n\t\t<\/li>\n\t\t\t<li>\n\t\t\t<div class=\"icon-inline\">\n            <div class=\"icon-styled\">\n\n                        <i class=\"fa fa-check  fontsize_16\"><\/i>\n            \n        <\/div>\n        <p>\n                Servery jsou pod st\u00e1l\u00fdm dohledem technik\u016f    <\/p>\n<\/div>\n\t\t<\/li>\n\t\t\t<li>\n\t\t\t<div class=\"icon-inline\">\n            <div class=\"icon-styled\">\n\n                        <i class=\"fa fa-check  fontsize_16\"><\/i>\n            \n        <\/div>\n        <p>\n                P\u0159\u00edstup v\u0161ech u\u017eivatel\u016f je zabezpe\u010den\u00fd v \u0161ifrovan\u00e9m komunika\u010dn\u00edm tunelu    <\/p>\n<\/div>\n\t\t<\/li>\n\t\t\t<li>\n\t\t\t<div class=\"icon-inline\">\n            <div class=\"icon-styled\">\n\n                        <i class=\"fa fa-check  fontsize_16\"><\/i>\n            \n        <\/div>\n        <p>\n                Datab\u00e1zov\u00e9 servery jsou odd\u011bleny od aplika\u010dn\u00edch server\u016f, va\u0161e data jsou v bezpe\u010d\u00ed    <\/p>\n<\/div>\n\t\t<\/li>\n\t<\/ul><\/div><!-- .col-* -->\n<div class=\"col-xs-12 col-12 col-lg-4 hidden-xs hidden-sm hidden-md\" >\n\t<div class=\"img-wrap  img-right  \" ><img src=\"\/\/cezar-cloud.cz\/wp-content\/uploads\/2021\/05\/pozadi-pro-obrazky-1.png\" class=\"default\" alt=\"\/\/cezar-cloud.cz\/wp-content\/uploads\/2021\/05\/pozadi-pro-obrazky-1.png\" \/><img src=\"\/\/cezar-cloud.cz\/wp-content\/uploads\/2021\/08\/zabezpeceni-serveru.jpg\" alt=\"\/\/cezar-cloud.cz\/wp-content\/uploads\/2021\/05\/pozadi-pro-obrazky-1.png\" \/><\/div ><\/div><!-- .col-* -->\n\t\t<\/div>\n\n\t<\/div>\n<\/section>\n\n<section class=\" ls      s-pt-50 s-pb-50\"\n         id=\"section-3a34be6\"\n\t\t\t>\n\t<h6 class=\"d-none\">section-3a34be6<\/h6>\n\t\t<div class=\"container\">\n\t\t<div class=\"row\">\n\t\t\t\t<div class=\"fw-divider-special-center \"><p class=\"special\"><\/p><\/div>\n\n\t\t<\/div>\n\n\t<\/div>\n<\/section>\n\n<section class=\" ls      s-pt-50 s-pb-50\"\n         id=\"section-f5d128c\"\n\t\t\t>\n\t<h6 class=\"d-none\">section-f5d128c<\/h6>\n\t\t<div class=\"container\">\n\t\t<div class=\"row\">\n\t\t\t<div class=\"col-xs-12 col-12 col-lg-4 hidden-xs hidden-sm hidden-md\" >\n\t<div class=\"img-wrap  img-left  \" ><img src=\"\/\/cezar-cloud.cz\/wp-content\/uploads\/2021\/05\/pozadi-pro-obrazky-1.png\" class=\"default\" alt=\"\/\/cezar-cloud.cz\/wp-content\/uploads\/2021\/05\/pozadi-pro-obrazky-1.png\" \/><img src=\"\/\/cezar-cloud.cz\/wp-content\/uploads\/2021\/08\/vysoka-dostupnost-serveru.jpg\" alt=\"\/\/cezar-cloud.cz\/wp-content\/uploads\/2021\/05\/pozadi-pro-obrazky-1.png\" \/><\/div ><\/div><!-- .col-* -->\n<div class=\"col-xs-12 col-12 col-lg-8\" >\n\t\t<div class=\"p-15  \">\n\t\t<h6 class=\"special-heading text-center\">\n\t\t<span class=\"\">\n\t\t<span class=\"above\">Dostupnost server\u016f<\/span>\t<\/span>\n\t<\/h6>\n<div class=\"fw-divider-space \"><\/div>\n\t<h5 class=\"special-heading text-center\">\n\t\t<span class=\"\">\n\t\tVysok\u00e1 dostupnost server\u016f\t<\/span>\n\t<\/h5>\n<div class=\"fw-divider-space divider-20\"><\/div>\n<p>Datacentrum je p\u0159ipojeno k internetu n\u011bkolika r\u016fzn\u00fdmi konektivitami, na\u0161e servery jsou um\u00edst\u011bny na p\u00e1te\u0159i \u010desk\u00e9 internetov\u00e9 s\u00edt\u011b. Rychlost va\u0161\u00ed pr\u00e1ce je z\u00e1visl\u00e1 pouze na rychlosti p\u0159ipojen\u00ed va\u0161\u00ed s\u00edt\u011b.<\/p><ul class=\"custom-style\">\n\t\t\t<li>\n\t\t\t<div class=\"icon-inline\">\n            <div class=\"icon-styled\">\n\n                        <i class=\"fa fa-check  fontsize_16\"><\/i>\n            \n        <\/div>\n        <p>\n                Servery jsou p\u0159ipojeny na p\u00e1te\u0159n\u00ed s\u00ed\u0165 \u010desk\u00e9ho internetu    <\/p>\n<\/div>\n\t\t<\/li>\n\t\t\t<li>\n\t\t\t<div class=\"icon-inline\">\n            <div class=\"icon-styled\">\n\n                        <i class=\"fa fa-check  fontsize_16\"><\/i>\n            \n        <\/div>\n        <p>\n                K programu p\u0159istupujete pomoc\u00ed\u00a0vzd\u00e1len\u00e9 plochy (RDP)    <\/p>\n<\/div>\n\t\t<\/li>\n\t\t\t<li>\n\t\t\t<div class=\"icon-inline\">\n            <div class=\"icon-styled\">\n\n                        <i class=\"fa fa-check  fontsize_16\"><\/i>\n            \n        <\/div>\n        <p>\n                N\u00e1roky na p\u0159enos dat jsou ji\u017e od 64 Kb\/s    <\/p>\n<\/div>\n\t\t<\/li>\n\t<\/ul>\t<\/div>\n\t<\/div><!-- .col-* -->\n\t\t<\/div>\n\n\t<\/div>\n<\/section>\n\n<section class=\" ds     s-pt-50 s-pb-50              cover-background s-overlay\"\n         id=\"section-51c9875\"\n\tstyle=\"background-image:url(https:\/\/cezar-cloud.cz\/wp-content\/uploads\/2021\/08\/formular-background.jpg);\"\t\t>\n\t<h6 class=\"d-none\">section-51c9875<\/h6>\n\t\t<div class=\"container\">\n\t\t<div class=\"row\">\n\t\t\t<div class=\"col-xs-12 col-12\" >\n\t<div class=\"form-wrapper \">\n\t<form data-fw-form-id=\"fw_form\" method=\"post\" action=\"https:\/\/cezar-cloud.cz\/index.php\/wp-json\/wp\/v2\/pages\/1450\" class=\"fw_form_fw_form\" data-fw-ext-forms-type=\"contact-forms\"><input type=\"hidden\" name=\"fwf\" value=\"fw_form\" \/><input type=\"hidden\" id=\"_nonce_6b65adf87dfa4c0f9f1add10925be14a\" name=\"_nonce_6b65adf87dfa4c0f9f1add10925be14a\" value=\"764b209f30\" \/><input type=\"hidden\" name=\"_wp_http_referer\" value=\"\/index.php\/wp-json\/wp\/v2\/pages\/1450\" \/><input type=\"hidden\" name=\"fw_ext_forms_form_type\" value=\"contact-forms\" \/><input type=\"hidden\" name=\"fw_ext_forms_form_id\" value=\"8fc40b921742031c267c2939daf2c413\" \/><div class=\"wrap-forms\">\n\t<div class=\"row c-gutter-30 c-mb-15\"><div class=\"col-xs-12 form-builder-item\">\n\t<div class=\"header title\">\n\t\t<h2>Zaj\u00edm\u00e1 v\u00e1s n\u011bco bli\u017e\u0161\u00edho k aplika\u010dn\u00edmu serveru?<\/h2>\n\t\t\t<\/div>\n<\/div><\/div><div class=\"row c-gutter-30 c-mb-15\"><div class=\"col-xs-12 col-12 col-lg-6 form-builder-item\">\n\t<div class=\"form-group has-placeholder\">\n\t\t<label for=\"id-1\">N\u00e1zev va\u0161\u00ed firmy\t\t\t<sup>*<\/sup>\t\t<\/label>\n\t\t\t\t\t<i class=\"fa fa-building\"><\/i>\n\t\t\t\t<input class=\"form-control\" type=\"text\" name=\"text_5caf118\" placeholder=\"\" value=\"\" id=\"id-1\" required=\"required\">\n\t\t\t<\/div>\n<\/div><div class=\"col-xs-12 col-12 col-lg-6 form-builder-item\">\n\t<div class=\"form-group has-placeholder\">\n\t\t<label for=\"id-2\">Kontaktn\u00ed osoba\t\t\t<sup>*<\/sup>\t\t<\/label>\n\t\t\t\t\t<i class=\"fa fa-user\"><\/i>\n\t\t\t\t<input class=\"form-control\" type=\"text\" name=\"text_514f3bb\" placeholder=\"\" value=\"\" id=\"id-2\" required=\"required\">\n\t\t\t<\/div>\n<\/div><\/div><div class=\"row c-gutter-30 c-mb-15\"><div class=\"col-xs-12 col-12 col-lg-6 form-builder-item\">\n\t<div class=\"form-group has-placeholder\">\n\t\t<label for=\"id-3\">Telefon\t\t\t<sup>*<\/sup>\t\t<\/label>\n\t\t\t\t\t<i class=\"fa fa-phone\"><\/i>\n\t\t\t\t<input class=\"form-control\" type=\"text\" name=\"text_c9a01ff\" placeholder=\"\" value=\"\" id=\"id-3\" required=\"required\">\n\t\t\t<\/div>\n<\/div><div class=\"col-xs-12 col-12 col-lg-6 form-builder-item\">\n\t<div class=\"form-group has-placeholder\">\n\t\t<label for=\"id-4\">E-mail\t\t\t<sup>*<\/sup>\t\t<\/label>\n\t\t\t\t\t<i class=\"fa fa-envelope\"><\/i>\n\t\t\t\t<input class=\"form-control\" type=\"text\" name=\"text_92db803\" placeholder=\"\" value=\"\" id=\"id-4\" required=\"required\">\n\t\t\t<\/div>\n<\/div><\/div><div class=\"row c-gutter-30 c-mb-15\"><div class=\"col-xs-12 col-12 form-builder-item\">\n\t<div class=\"form-group has-placeholder\">\n\t\t<label for=\"id-5\">S \u010d\u00edm v\u00e1m m\u016f\u017eeme pomoci? M\u00e1te n\u011bjak\u00e9 ot\u00e1zky?\t\t\t\t\t<\/label>\n\t\t\t\t\t<i class=\"fa fa-align-left\"><\/i>\n\t\t\t\t<textarea class=\"form-control\" name=\"textarea_d297f02\" placeholder=\"\" id=\"id-5\"><\/textarea>\n\t\t\t<\/div>\n<\/div><\/div><div class=\"row c-gutter-30 c-mb-15\"><\/div><\/div><div class=\"wrap-forms\">\n\t<div class=\"row c-gutter-30 c-mb-15\">\n\t\t<div class=\"col-12 col-sm-12 mb-0\">\n\t\t\t<input class=\"btn btn-maincolor\" type=\"submit\" value=\"Odeslat\" \/>\n\t\t\t\t\t<\/div>\n\t<\/div>\n<\/div><\/form><\/div><\/div><!-- .col-* -->\n\t\t<\/div>\n\n\t<\/div>\n<\/section>\n<\/p>\n","protected":false},"excerpt":{"rendered":"<p>section-20806c8 Speci\u00e1ln\u011b navr\u017een\u00fd aplika\u010dn\u00ed server Pro informa\u010dn\u00ed syst\u00e9m C\u00c9ZAR G3 a G4 Jako dlouholet\u00fd servisn\u00ed partner informa\u010dn\u00edho syst\u00e9mu C\u00e9zar jsme pro V\u00e1s p\u0159ipravili aplika\u010dn\u00ed a datab\u00e1zov\u00e9 servery vylad\u011bn\u00e9 pro pot\u0159eby perfektn\u00edho fungov\u00e1n\u00ed tohoto informa\u010dn\u00edho syst\u00e9mu. Sou\u010dasn\u011b s bezprobl\u00e9movou prac\u00ed informa\u010dn\u00edho syst\u00e9mu je velk\u00fd d\u016fraz kladen\u00fd tak\u00e9 na zabezpe\u010den\u00ed v\u0161ech na\u0161ich server\u016f. Zabezpe\u010den\u00ed je na \u00farovni [&hellip;]<\/p>\n","protected":false},"author":1,"featured_media":0,"parent":0,"menu_order":0,"comment_status":"closed","ping_status":"closed","template":"page-templates\/full-width.php","meta":[],"_links":{"self":[{"href":"https:\/\/cezar-cloud.cz\/index.php\/wp-json\/wp\/v2\/pages\/1450"}],"collection":[{"href":"https:\/\/cezar-cloud.cz\/index.php\/wp-json\/wp\/v2\/pages"}],"about":[{"href":"https:\/\/cezar-cloud.cz\/index.php\/wp-json\/wp\/v2\/types\/page"}],"author":[{"embeddable":true,"href":"https:\/\/cezar-cloud.cz\/index.php\/wp-json\/wp\/v2\/users\/1"}],"replies":[{"embeddable":true,"href":"https:\/\/cezar-cloud.cz\/index.php\/wp-json\/wp\/v2\/comments?post=1450"}],"version-history":[{"count":35,"href":"https:\/\/cezar-cloud.cz\/index.php\/wp-json\/wp\/v2\/pages\/1450\/revisions"}],"predecessor-version":[{"id":1777,"href":"https:\/\/cezar-cloud.cz\/index.php\/wp-json\/wp\/v2\/pages\/1450\/revisions\/1777"}],"wp:attachment":[{"href":"https:\/\/cezar-cloud.cz\/index.php\/wp-json\/wp\/v2\/media?parent=1450"}],"curies":[{"name":"wp","href":"https:\/\/api.w.org\/{rel}","templated":true}]}}