{"id":1344,"date":"2021-04-20T16:48:16","date_gmt":"2021-04-20T14:48:16","guid":{"rendered":"https:\/\/cezar-cloud.cz\/?page_id=1344"},"modified":"2021-08-27T20:32:23","modified_gmt":"2021-08-27T18:32:23","slug":"skladovy-informacni-system-cezar","status":"publish","type":"page","link":"https:\/\/cezar-cloud.cz\/index.php\/skladovy-informacni-system-cezar\/","title":{"rendered":"SKLADOV\u00dd INFORMA\u010cN\u00cd SYST\u00c9M C\u00c9ZAR"},"content":{"rendered":"<p>\n<section class=\" ls ms      s-pt-50 s-pb-50\"\n         id=\"section-984fcbf\"\n\t\t\t>\n\t<h6 class=\"d-none\">section-984fcbf<\/h6>\n\t\t<div class=\"container\">\n\t\t<div class=\"row\">\n\t\t\t<div class=\"col-xs-12 col-12\" >\n\t\t<h6 class=\"special-heading text-center\">\n\t\t<span class=\"\">\n\t\t<span class=\"above\">Cloudov\u00e9 \u0159e\u0161en\u00ed u\u0161it\u00e9 na m\u00edru p\u0159esn\u011b pro v\u00e1\u0161<\/span>\t<\/span>\n\t<\/h6>\n<div class=\"fw-divider-space \"><\/div>\n\t<h5 class=\"special-heading text-center\">\n\t\t<span class=\"\">\n\t\tSkladov\u00fd informa\u010dn\u00ed syst\u00e9mem C\u00c9ZAR\t<\/span>\n\t<\/h5>\n<div class=\"fw-divider-space divider-10\"><\/div>\n<p style=\"text-align: center;\">C\u00c9ZAR \u2013 to je ekonomick\u00fd informa\u010dn\u00ed syst\u00e9m vynikaj\u00edc\u00ed svou p\u0159ehlednost\u00ed, kter\u00fd je ur\u010den pro spole\u010dnosti zab\u00fdvaj\u00edc\u00ed se <strong>velkoobchodn\u00edm prodejem, maloobchodem, v\u00fdrobou \u010di exportem a importem zbo\u017e\u00ed<\/strong>. S lehkost\u00ed jej lze vyu\u017e\u00edt tak\u00e9 ve firm\u011b zab\u00fdvaj\u00edc\u00ed se slu\u017ebami. Jeho <strong>jednoduch\u00e9 a intuitivn\u00ed ovl\u00e1d\u00e1n\u00ed<\/strong> ocen\u00edte jist\u011b i vy. Nev\u011b\u0159\u00edte? Tak se poj\u010fte pod\u00edvat, co v\u0161echno C\u00c9ZAR zvl\u00e1dne, mo\u017en\u00e1 <strong>budete p\u0159ekvapeni<\/strong>.<\/p><\/div><!-- .col-* -->\n\t\t<\/div>\n\n\t<\/div>\n<\/section>\n\n<section class=\" ls      s-pt-50 s-pb-50\"\n         id=\"section-2bae74b\"\n\t\t\t>\n\t<h6 class=\"d-none\">section-2bae74b<\/h6>\n\t\t<div class=\"container\">\n\t\t<div class=\"row\">\n\t\t\t<div class=\"col-xs-12 col-12 col-lg-8\" >\n\t\t<h6 class=\"special-heading text-center\">\n\t\t<span class=\"\">\n\t\t<span class=\"above\">Odhalte z\u00e1kladn\u00ed funkce syst\u00e9mu C\u00c9ZAR<\/span>\t<\/span>\n\t<\/h6>\n<div class=\"fw-divider-space \"><\/div>\n\t<h5 class=\"special-heading text-center\">\n\t\t<span class=\"\">\n\t\tNab\u00eddne v\u00e1m velk\u00e9 mno\u017estv\u00ed u\u017eite\u010dn\u00fdch funkc\u00ed\t<\/span>\n\t<\/h5>\n<div class=\"fw-divider-space divider-10\"><\/div>\n<p>Srdcem cel\u00e9ho informa\u010dn\u00edho syst\u00e9mu C\u00c9ZAR je hlavn\u00ed modul\u00a0<strong>Velkoobchodn\u00ed sklad<\/strong>. Ten v\u00e1m umo\u017en\u00ed realizovat b\u011b\u017en\u00e9 procesy, mezi kter\u00e9 pat\u0159\u00ed nap\u0159. vystaven\u00ed doklad\u016f pro z\u00e1kazn\u00edky. S t\u00edmto modulem m\u016f\u017eete hrav\u011b evidovat tak\u00e9 skladov\u00e9 pohyby jako jsou p\u0159\u00edjemky \u010di v\u00fddejky. Jist\u011b, tyto funkce nab\u00edz\u00ed v\u00edce podobn\u00fdch program\u016f. Te\u010f si ale p\u0159edstavte, \u017ee m\u00e1te mo\u017enost m\u00edt\u00a0<strong>4 z\u00e1kladn\u00ed cenov\u00e9 hladiny<\/strong>\u00a0pro va\u0161e z\u00e1kazn\u00edky a k nim mo\u017enost postavit dal\u0161\u00edch\u00a0<strong>t\u00e9m\u011b\u0159 30 variac\u00ed cen\u00edk\u016f<\/strong>! Nav\u00edc jsou nastaviteln\u00e9 podle sortiment\u016f, cenov\u00fdch skupin a dal\u0161\u00edch evidenc\u00ed.<\/p><div class=\"fw-divider-space divider-30\"><\/div>\n\t<h5 class=\"special-heading text-center\">\n\t\t<span class=\"\">\n\t\tVyu\u017e\u00edvejte individu\u00e1ln\u00ed cen\u00edky\t<\/span>\n\t<\/h5>\n<div class=\"fw-divider-space divider-10\"><\/div>\n<p>C\u00c9ZAR v\u00e1m d\u00e1 ale mnohem v\u00edce. M\u00e1 pro v\u00e1s p\u0159ipraveny\u00a0<strong>individu\u00e1ln\u00ed cen\u00edky<\/strong>, kter\u00e9 m\u016f\u017eou b\u00fdt pro ka\u017ed\u00e9ho z\u00e1kazn\u00edka individu\u00e1ln\u011b nastaven\u00e9. Nav\u00edc m\u016f\u017eete pro z\u00e1kazn\u00edky p\u0159ipravovat r\u016fzn\u00e9\u00a0<strong>slevov\u00e9 akce<\/strong>. Tady v\u00e1m program pohl\u00edd\u00e1 jejich platnost, ale tak\u00e9 abyste neprod\u00e1vali t\u0159eba pod\u00a0<strong>minim\u00e1ln\u00ed mar\u017e\u00ed<\/strong>. Uv\u00edtali by va\u0161i z\u00e1kazn\u00edci, kdyby u v\u00e1s za odb\u011bry\u00a0<strong>sb\u00edrali v\u011brnostn\u00ed body<\/strong>? Nen\u00ed probl\u00e9m. M\u016f\u017eou za n\u011b klidn\u011b dost\u00e1vat i\u00a0<strong>propo\u010d\u00edtan\u00e9 slevy<\/strong>.<\/p><div class=\"fw-divider-space divider-30\"><\/div>\n\t<h5 class=\"special-heading text-center\">\n\t\t<span class=\"\">\n\t\tNab\u00eddky, objedn\u00e1vky, rezervace zbo\u017e\u00ed\t<\/span>\n\t<\/h5>\n<div class=\"fw-divider-space divider-10\"><\/div>\n<div class=\"two_third\"><p>K t\u00e9to z\u00e1kladn\u00ed skladov\u00e9 evidenci jsou p\u0159\u00edmo nav\u00e1zan\u00e9 mo\u017enosti\u00a0<strong>tvorby nab\u00eddek<\/strong>\u00a0pro va\u0161e z\u00e1kazn\u00edky. Z nab\u00eddky m\u016f\u017eete jednodu\u0161e rovnou\u00a0<strong>stvo\u0159it objedn\u00e1vku<\/strong>\u00a0a zbo\u017e\u00ed\u00a0<strong>rezervovat<\/strong>\u00a0ve va\u0161em skladu. Abyste zbo\u017e\u00ed dostali do skladu a mohli je n\u00e1sledn\u011b prodat, jsou tu i\u00a0<strong>vydan\u00e9 objedn\u00e1vky<\/strong>, kter\u00e9 budete odes\u00edlat va\u0161im dodavatel\u016fm. A klidn\u011b i s jejich\u00a0<strong>intern\u00edmi k\u00f3dy<\/strong>, aby se jim to nepletlo. M\u00e1te velk\u00e9 mno\u017estv\u00ed skladov\u00fdch polo\u017eek a vyb\u00edr\u00e1n\u00ed co objednat by bylo moc slo\u017eit\u00e9? M\u016f\u017eete vyu\u017e\u00edt\u00a0<strong>automatickou tvorbu objedn\u00e1vek<\/strong> a dorovnat stavy skladu do optim\u00e1ln\u00ed z\u00e1soby. Ji\u017e se v\u00e1m nestane, \u017ee by n\u011bco sch\u00e1zelo.<\/p><\/div><div class=\"fw-divider-space divider-30\"><\/div>\n\t<h5 class=\"special-heading text-center\">\n\t\t<span class=\"\">\n\t\tCo dal\u0161\u00edho m\u016f\u017ee m\u00edt C\u00c9ZAR?\t<\/span>\n\t<\/h5>\n<div class=\"fw-divider-space divider-10\"><\/div>\n<div class=\"two_third\"><p>Informa\u010dn\u00ed syst\u00e9m C\u00c9ZAR lze pohodln\u011b roz\u0161\u00ed\u0159it o spoustu dal\u0161\u00edch\u00a0<strong>dopl\u0148kov\u00fdch modul\u016f<\/strong>. Ty v\u00e1m umo\u017en\u00ed nap\u0159\u00edklad\u00a0<strong>komunikaci s e-shopem<\/strong>,\u00a0<strong>odes\u00edl\u00e1n\u00ed<\/strong>\u00a0v\u0161ech vytvo\u0159en\u00fdch\u00a0<strong>dokument\u016f<\/strong>\u00a0p\u0159\u00edmo z programu. Nachystat si k tomu m\u016f\u017eete\u00a0<strong>p\u0159eddefinovan\u00e9 \u0161ablony<\/strong>, kter\u00e9 si samy dopln\u00ed \u010d\u00e1stku \u010di datum splatnosti, aby z\u00e1kazn\u00edk vid\u011bl ihned v mailu, o jak\u00fd doklad se jedn\u00e1. V p\u0159\u00edloze pak najde doklad v zabezpe\u010den\u00e9m PDF form\u00e1tu k vytisknut\u00ed. Nebo v\u00e1s zaj\u00edm\u00e1 sp\u00ed\u0161e mo\u017enost\u00a0<strong>vyu\u017eit\u00ed \u010d\u00e1rov\u00fdch k\u00f3d\u016f<\/strong>? V\u0161e lze zakomponovat do skladov\u00e9 evidence a pou\u017e\u00edvat k b\u011b\u017en\u00e9 pr\u00e1ci.<\/p><\/div><\/div><!-- .col-* -->\n<div class=\"col-xs-12 col-12 col-lg-4 hidden-xs\" >\n\t<img src=\"\/\/cezar-cloud.cz\/wp-content\/uploads\/2021\/05\/ntb-g3.png\" class=\"default\" alt=\"\/\/cezar-cloud.cz\/wp-content\/uploads\/2021\/05\/ntb-g3.png\" \/><\/div><!-- .col-* -->\n\t\t<\/div>\n\n\t<\/div>\n<\/section>\n\n<section class=\" ds     s-pt-50 s-pb-50              cover-background s-overlay\"\n         id=\"section-51c9875\"\n\tstyle=\"background-image:url(https:\/\/cezar-cloud.cz\/wp-content\/uploads\/2021\/08\/formular-background.jpg);\"\t\t>\n\t<h6 class=\"d-none\">section-51c9875<\/h6>\n\t\t<div class=\"container\">\n\t\t<div class=\"row\">\n\t\t\t<div class=\"col-xs-12 col-12\" >\n\t<div class=\"form-wrapper \">\n\t<form data-fw-form-id=\"fw_form\" method=\"post\" action=\"https:\/\/cezar-cloud.cz\/index.php\/wp-json\/wp\/v2\/pages\/1344\" class=\"fw_form_fw_form\" data-fw-ext-forms-type=\"contact-forms\"><input type=\"hidden\" name=\"fwf\" value=\"fw_form\" \/><input type=\"hidden\" id=\"_nonce_6b65adf87dfa4c0f9f1add10925be14a\" name=\"_nonce_6b65adf87dfa4c0f9f1add10925be14a\" value=\"764b209f30\" \/><input type=\"hidden\" name=\"_wp_http_referer\" value=\"\/index.php\/wp-json\/wp\/v2\/pages\/1344\" \/><input type=\"hidden\" name=\"fw_ext_forms_form_type\" value=\"contact-forms\" \/><input type=\"hidden\" name=\"fw_ext_forms_form_id\" value=\"8fc40b921742031c267c2939daf2c413\" \/><div class=\"wrap-forms\">\n\t<div class=\"row c-gutter-30 c-mb-15\"><div class=\"col-xs-12 form-builder-item\">\n\t<div class=\"header title\">\n\t\t<h2>Hled\u00e1te v\u00edce informac\u00ed k syst\u00e9mu C\u00c9ZAR?<\/h2>\n\t\t\t<\/div>\n<\/div><\/div><div class=\"row c-gutter-30 c-mb-15\"><div class=\"col-xs-12 col-12 col-lg-6 form-builder-item\">\n\t<div class=\"form-group has-placeholder\">\n\t\t<label for=\"id-1\">N\u00e1zev va\u0161\u00ed firmy\t\t\t<sup>*<\/sup>\t\t<\/label>\n\t\t\t\t\t<i class=\"fa fa-building\"><\/i>\n\t\t\t\t<input class=\"form-control\" type=\"text\" name=\"text_5caf118\" placeholder=\"\" value=\"\" id=\"id-1\" required=\"required\">\n\t\t\t<\/div>\n<\/div><div class=\"col-xs-12 col-12 col-lg-6 form-builder-item\">\n\t<div class=\"form-group has-placeholder\">\n\t\t<label for=\"id-2\">Kontaktn\u00ed osoba\t\t\t<sup>*<\/sup>\t\t<\/label>\n\t\t\t\t\t<i class=\"fa fa-user\"><\/i>\n\t\t\t\t<input class=\"form-control\" type=\"text\" name=\"text_514f3bb\" placeholder=\"\" value=\"\" id=\"id-2\" required=\"required\">\n\t\t\t<\/div>\n<\/div><\/div><div class=\"row c-gutter-30 c-mb-15\"><div class=\"col-xs-12 col-12 col-lg-6 form-builder-item\">\n\t<div class=\"form-group has-placeholder\">\n\t\t<label for=\"id-3\">Telefon\t\t\t<sup>*<\/sup>\t\t<\/label>\n\t\t\t\t\t<i class=\"fa fa-phone\"><\/i>\n\t\t\t\t<input class=\"form-control\" type=\"text\" name=\"text_c9a01ff\" placeholder=\"\" value=\"\" id=\"id-3\" required=\"required\">\n\t\t\t<\/div>\n<\/div><div class=\"col-xs-12 col-12 col-lg-6 form-builder-item\">\n\t<div class=\"form-group has-placeholder\">\n\t\t<label for=\"id-4\">E-mail\t\t\t<sup>*<\/sup>\t\t<\/label>\n\t\t\t\t\t<i class=\"fa fa-envelope\"><\/i>\n\t\t\t\t<input class=\"form-control\" type=\"text\" name=\"text_92db803\" placeholder=\"\" value=\"\" id=\"id-4\" required=\"required\">\n\t\t\t<\/div>\n<\/div><\/div><div class=\"row c-gutter-30 c-mb-15\"><div class=\"col-xs-12 col-12 form-builder-item\">\n\t<div class=\"form-group has-placeholder\">\n\t\t<label for=\"id-5\">S \u010d\u00edm v\u00e1m m\u016f\u017eeme pomoci? M\u00e1te n\u011bjak\u00e9 ot\u00e1zky?\t\t\t\t\t<\/label>\n\t\t\t\t\t<i class=\"fa fa-align-left\"><\/i>\n\t\t\t\t<textarea class=\"form-control\" name=\"textarea_d297f02\" placeholder=\"\" id=\"id-5\"><\/textarea>\n\t\t\t<\/div>\n<\/div><\/div><div class=\"row c-gutter-30 c-mb-15\"><\/div><\/div><div class=\"wrap-forms\">\n\t<div class=\"row c-gutter-30 c-mb-15\">\n\t\t<div class=\"col-12 col-sm-12 mb-0\">\n\t\t\t<input class=\"btn btn-maincolor\" type=\"submit\" value=\"Odeslat\" \/>\n\t\t\t\t\t<\/div>\n\t<\/div>\n<\/div><\/form><\/div><\/div><!-- .col-* -->\n\t\t<\/div>\n\n\t<\/div>\n<\/section>\n<\/p>\n","protected":false},"excerpt":{"rendered":"<p>section-984fcbf Cloudov\u00e9 \u0159e\u0161en\u00ed u\u0161it\u00e9 na m\u00edru p\u0159esn\u011b pro v\u00e1\u0161 Skladov\u00fd informa\u010dn\u00ed syst\u00e9mem C\u00c9ZAR C\u00c9ZAR \u2013 to je ekonomick\u00fd informa\u010dn\u00ed syst\u00e9m vynikaj\u00edc\u00ed svou p\u0159ehlednost\u00ed, kter\u00fd je ur\u010den pro spole\u010dnosti zab\u00fdvaj\u00edc\u00ed se velkoobchodn\u00edm prodejem, maloobchodem, v\u00fdrobou \u010di exportem a importem zbo\u017e\u00ed. S lehkost\u00ed jej lze vyu\u017e\u00edt tak\u00e9 ve firm\u011b zab\u00fdvaj\u00edc\u00ed se slu\u017ebami. Jeho jednoduch\u00e9 a intuitivn\u00ed ovl\u00e1d\u00e1n\u00ed [&hellip;]<\/p>\n","protected":false},"author":1,"featured_media":0,"parent":0,"menu_order":0,"comment_status":"closed","ping_status":"closed","template":"page-templates\/full-width.php","meta":[],"_links":{"self":[{"href":"https:\/\/cezar-cloud.cz\/index.php\/wp-json\/wp\/v2\/pages\/1344"}],"collection":[{"href":"https:\/\/cezar-cloud.cz\/index.php\/wp-json\/wp\/v2\/pages"}],"about":[{"href":"https:\/\/cezar-cloud.cz\/index.php\/wp-json\/wp\/v2\/types\/page"}],"author":[{"embeddable":true,"href":"https:\/\/cezar-cloud.cz\/index.php\/wp-json\/wp\/v2\/users\/1"}],"replies":[{"embeddable":true,"href":"https:\/\/cezar-cloud.cz\/index.php\/wp-json\/wp\/v2\/comments?post=1344"}],"version-history":[{"count":47,"href":"https:\/\/cezar-cloud.cz\/index.php\/wp-json\/wp\/v2\/pages\/1344\/revisions"}],"predecessor-version":[{"id":1780,"href":"https:\/\/cezar-cloud.cz\/index.php\/wp-json\/wp\/v2\/pages\/1344\/revisions\/1780"}],"wp:attachment":[{"href":"https:\/\/cezar-cloud.cz\/index.php\/wp-json\/wp\/v2\/media?parent=1344"}],"curies":[{"name":"wp","href":"https:\/\/api.w.org\/{rel}","templated":true}]}}