{"id":1342,"date":"2021-04-20T16:47:46","date_gmt":"2021-04-20T14:47:46","guid":{"rendered":"https:\/\/cezar-cloud.cz\/?page_id=1342"},"modified":"2021-08-27T17:55:06","modified_gmt":"2021-08-27T15:55:06","slug":"home","status":"publish","type":"page","link":"https:\/\/cezar-cloud.cz\/","title":{"rendered":"Home"},"content":{"rendered":"<p>\n<section class=\" ls c-gutter-0\"\n         id=\"section-4402ea0\"\n\t\t\t>\n\t<h6 class=\"d-none\">section-4402ea0<\/h6>\n\t\t<div class=\"container-fluid\">\n\t\t<div class=\"row\">\n\t\t\t<div class=\"col-xs-12 col-12\" >\n\t\n\t\t\t<!-- START C\u00e9zar Cloud Home REVOLUTION SLIDER 6.2.23 --><p class=\"rs-p-wp-fix\"><\/p>\n\t\t\t<rs-module-wrap id=\"rev_slider_1_1_wrapper\" data-source=\"gallery\" style=\"background:transparent;padding:0;margin:0px auto;margin-top:0;margin-bottom:0;\">\n\t\t\t\t<rs-module id=\"rev_slider_1_1\" style=\"\" data-version=\"6.2.23\">\n\t\t\t\t\t<rs-slides>\n\t\t\t\t\t\t<rs-slide data-key=\"rs-1\" data-title=\"Slide\" data-anim=\"ei:d;eo:d;s:1000;r:0;t:fade;sl:0;\">\n\t\t\t\t\t\t\t<img src=\"\/\/cezar-cloud.cz\/wp-content\/plugins\/revslider\/public\/assets\/assets\/transparent.png\" alt=\"Slide\" title=\"HP obrazek\" width=\"1000\" height=\"563\" data-bg=\"p:center top;\" class=\"rev-slidebg\" data-no-retina>\n<!--\n\t\t\t\t\t\t\t--><rs-layer\n\t\t\t\t\t\t\t\tid=\"slider-1-slide-1-layer-0\" \n\t\t\t\t\t\t\t\tdata-type=\"image\"\n\t\t\t\t\t\t\t\tdata-rsp_ch=\"on\"\n\t\t\t\t\t\t\t\tdata-xy=\"x:c;y:-71px;\"\n\t\t\t\t\t\t\t\tdata-text=\"w:normal;\"\n\t\t\t\t\t\t\t\tdata-dim=\"w:2400px;h:548px;\"\n\t\t\t\t\t\t\t\tdata-frame_999=\"o:0;st:w;sR:8700;\"\n\t\t\t\t\t\t\t\tstyle=\"z-index:8;\"\n\t\t\t\t\t\t\t><img src=\"\/\/cezar-cloud.cz\/wp-content\/uploads\/2021\/08\/data-v-bezpeci.jpg\" width=\"1920\" height=\"438\" data-no-retina> \n\t\t\t\t\t\t\t<\/rs-layer><!--\n\n\t\t\t\t\t\t\t--><rs-layer\n\t\t\t\t\t\t\t\tid=\"slider-1-slide-1-layer-1\" \n\t\t\t\t\t\t\t\tdata-type=\"text\"\n\t\t\t\t\t\t\t\tdata-color=\"#ffffff\"\n\t\t\t\t\t\t\t\tdata-rsp_ch=\"on\"\n\t\t\t\t\t\t\t\tdata-xy=\"x:57px;y:27px;\"\n\t\t\t\t\t\t\t\tdata-text=\"w:normal;s:81;l:101;\"\n\t\t\t\t\t\t\t\tdata-dim=\"w:707;h:214;\"\n\t\t\t\t\t\t\t\tdata-frame_0=\"sX:0.9;sY:0.9;\"\n\t\t\t\t\t\t\t\tdata-frame_1=\"st:450;sp:2000;sR:450;\"\n\t\t\t\t\t\t\t\tdata-frame_999=\"o:0;st:w;sR:6550;\"\n\t\t\t\t\t\t\t\tstyle=\"z-index:9;font-family:Nunito;\"\n\t\t\t\t\t\t\t>Va\u0161e data budou v\u017edy v bezpe\u010d\u00ed \n\t\t\t\t\t\t\t<\/rs-layer><!--\n\n\t\t\t\t\t\t\t--><rs-layer\n\t\t\t\t\t\t\t\tid=\"slider-1-slide-1-layer-2\" \n\t\t\t\t\t\t\t\tdata-type=\"text\"\n\t\t\t\t\t\t\t\tdata-color=\"#fff\"\n\t\t\t\t\t\t\t\tdata-bsh=\"c:rgba(0,0,0,0.5);\"\n\t\t\t\t\t\t\t\tdata-rsp_ch=\"on\"\n\t\t\t\t\t\t\t\tdata-xy=\"x:99px;y:254px;\"\n\t\t\t\t\t\t\t\tdata-text=\"w:normal;s:17;l:29;ls:1;\"\n\t\t\t\t\t\t\t\tdata-vbility=\"t,t,t,f\"\n\t\t\t\t\t\t\t\tdata-frame_1=\"e:power4.in;st:2250;sp:800;sR:2250;\"\n\t\t\t\t\t\t\t\tdata-frame_999=\"o:0;st:w;sR:5950;\"\n\t\t\t\t\t\t\t\tstyle=\"z-index:14;font-family:Nunito;\"\n\t\t\t\t\t\t\t><i class=\"fa-check\"><\/i> V\u0161echny servery jsou chr\u00e1n\u011bny proti \u00fatok\u016fm z Internetu \n\t\t\t\t\t\t\t<\/rs-layer><!--\n\n\t\t\t\t\t\t\t--><rs-layer\n\t\t\t\t\t\t\t\tid=\"slider-1-slide-1-layer-3\" \n\t\t\t\t\t\t\t\tdata-type=\"text\"\n\t\t\t\t\t\t\t\tdata-color=\"#fff\"\n\t\t\t\t\t\t\t\tdata-bsh=\"c:rgba(0,0,0,0.5);\"\n\t\t\t\t\t\t\t\tdata-rsp_ch=\"on\"\n\t\t\t\t\t\t\t\tdata-xy=\"x:98px;y:283px;\"\n\t\t\t\t\t\t\t\tdata-text=\"w:normal;s:17;l:29;ls:1;\"\n\t\t\t\t\t\t\t\tdata-vbility=\"t,t,t,f\"\n\t\t\t\t\t\t\t\tdata-frame_1=\"e:power4.in;st:3720;sp:800;sR:3720;\"\n\t\t\t\t\t\t\t\tdata-frame_999=\"o:0;st:w;sR:4480;\"\n\t\t\t\t\t\t\t\tstyle=\"z-index:13;font-family:Nunito;\"\n\t\t\t\t\t\t\t><i class=\"fa-check\"><\/i> Data jsou odd\u011blen\u00e1 od prost\u0159ed\u00ed, se kter\u00fdm pracuj\u00ed u\u017eivatel\u00e9 \n\t\t\t\t\t\t\t<\/rs-layer><!--\n\n\t\t\t\t\t\t\t--><rs-layer\n\t\t\t\t\t\t\t\tid=\"slider-1-slide-1-layer-4\" \n\t\t\t\t\t\t\t\tdata-type=\"text\"\n\t\t\t\t\t\t\t\tdata-color=\"#fff\"\n\t\t\t\t\t\t\t\tdata-bsh=\"c:rgba(0,0,0,0.5);\"\n\t\t\t\t\t\t\t\tdata-rsp_ch=\"on\"\n\t\t\t\t\t\t\t\tdata-xy=\"x:98px;y:317px;\"\n\t\t\t\t\t\t\t\tdata-text=\"w:normal;s:17;l:29;ls:1;\"\n\t\t\t\t\t\t\t\tdata-vbility=\"t,t,t,f\"\n\t\t\t\t\t\t\t\tdata-frame_1=\"e:power4.in;st:5220;sp:800;sR:5220;\"\n\t\t\t\t\t\t\t\tdata-frame_999=\"o:0;st:w;sR:2980;\"\n\t\t\t\t\t\t\t\tstyle=\"z-index:12;font-family:Nunito;\"\n\t\t\t\t\t\t\t><i class=\"fa-check\"><\/i> Komunikace se serverem prob\u00edh\u00e1 v \u0161ifrovan\u00e9m VPN tunelu \n\t\t\t\t\t\t\t<\/rs-layer><!--\n\n\t\t\t\t\t\t\t--><rs-layer\n\t\t\t\t\t\t\t\tid=\"slider-1-slide-1-layer-5\" \n\t\t\t\t\t\t\t\tdata-type=\"text\"\n\t\t\t\t\t\t\t\tdata-color=\"#fff\"\n\t\t\t\t\t\t\t\tdata-bsh=\"c:rgba(0,0,0,0.5);\"\n\t\t\t\t\t\t\t\tdata-rsp_ch=\"on\"\n\t\t\t\t\t\t\t\tdata-xy=\"x:98px;y:352px;\"\n\t\t\t\t\t\t\t\tdata-text=\"w:normal;s:17;l:29;ls:1;\"\n\t\t\t\t\t\t\t\tdata-vbility=\"t,t,t,f\"\n\t\t\t\t\t\t\t\tdata-frame_1=\"e:power4.in;st:6640;sp:800;sR:6640;\"\n\t\t\t\t\t\t\t\tdata-frame_999=\"o:0;st:w;sR:1560;\"\n\t\t\t\t\t\t\t\tstyle=\"z-index:11;font-family:Nunito;\"\n\t\t\t\t\t\t\t><i class=\"fa-check\"><\/i> Servery chr\u00e1n\u00ed v\u00fdkonn\u00fd syst\u00e9m firewall\u016f \n\t\t\t\t\t\t\t<\/rs-layer><!--\n\n\t\t\t\t\t\t\t--><rs-layer\n\t\t\t\t\t\t\t\tid=\"slider-1-slide-1-layer-6\" \n\t\t\t\t\t\t\t\tdata-type=\"text\"\n\t\t\t\t\t\t\t\tdata-color=\"#fff\"\n\t\t\t\t\t\t\t\tdata-bsh=\"c:rgba(0,0,0,0.5);\"\n\t\t\t\t\t\t\t\tdata-rsp_ch=\"on\"\n\t\t\t\t\t\t\t\tdata-xy=\"x:97px;y:386px;\"\n\t\t\t\t\t\t\t\tdata-text=\"w:normal;s:17;l:29;ls:1;\"\n\t\t\t\t\t\t\t\tdata-vbility=\"t,t,t,f\"\n\t\t\t\t\t\t\t\tdata-frame_1=\"e:power4.in;st:8000;sp:800;sR:8000;\"\n\t\t\t\t\t\t\t\tdata-frame_999=\"o:0;st:w;sR:200;\"\n\t\t\t\t\t\t\t\tstyle=\"z-index:10;font-family:Nunito;\"\n\t\t\t\t\t\t\t><i class=\"fa-check\"><\/i> Ve\u0161ker\u00e1 technika je pod neust\u00e1l\u00fdm dohledem technik\u016f \n\t\t\t\t\t\t\t<\/rs-layer><!--\n-->\t\t\t\t\t\t<\/rs-slide>\n\t\t\t\t\t<\/rs-slides>\n\t\t\t\t<\/rs-module>\n\t\t\t\t<script type=\"text\/javascript\">\n\t\t\t\t\tsetREVStartSize({c: 'rev_slider_1_1',rl:[1240,1024,778,480],el:[450],gw:[1240],gh:[450],type:'hero',justify:'',layout:'fullwidth',mh:\"0\"});\n\t\t\t\t\tvar\trevapi1,\n\t\t\t\t\t\ttpj;\n\t\t\t\t\tfunction revinit_revslider11() {\n\t\t\t\t\tjQuery(function() {\n\t\t\t\t\t\ttpj = jQuery;\n\t\t\t\t\t\trevapi1 = tpj(\"#rev_slider_1_1\");\n\t\t\t\t\t\tif(revapi1==undefined || revapi1.revolution == undefined){\n\t\t\t\t\t\t\trevslider_showDoubleJqueryError(\"rev_slider_1_1\");\n\t\t\t\t\t\t}else{\n\t\t\t\t\t\t\trevapi1.revolution({\n\t\t\t\t\t\t\t\tsliderType:\"hero\",\n\t\t\t\t\t\t\t\tsliderLayout:\"fullwidth\",\n\t\t\t\t\t\t\t\tvisibilityLevels:\"1240,1024,778,480\",\n\t\t\t\t\t\t\t\tgridwidth:1240,\n\t\t\t\t\t\t\t\tgridheight:450,\n\t\t\t\t\t\t\t\tspinner:\"spinner0\",\n\t\t\t\t\t\t\t\tperspective:600,\n\t\t\t\t\t\t\t\tperspectiveType:\"global\",\n\t\t\t\t\t\t\t\teditorheight:\"450,768,960,720\",\n\t\t\t\t\t\t\t\tresponsiveLevels:\"1240,1024,778,480\",\n\t\t\t\t\t\t\t\tprogressBar:{disableProgressBar:true},\n\t\t\t\t\t\t\t\tnavigation: {\n\t\t\t\t\t\t\t\t\tonHoverStop:false\n\t\t\t\t\t\t\t\t},\n\t\t\t\t\t\t\t\tfallbacks: {\n\t\t\t\t\t\t\t\t\tallowHTML5AutoPlayOnAndroid:true\n\t\t\t\t\t\t\t\t},\n\t\t\t\t\t\t\t});\n\t\t\t\t\t\t}\n\t\t\t\t\t\t\n\t\t\t\t\t});\n\t\t\t\t\t} \/\/ End of RevInitScript\n\t\t\t\tvar once_revslider11 = false;\n\t\t\t\tif (document.readyState === \"loading\") {document.addEventListener('readystatechange',function() { if((document.readyState === \"interactive\" || document.readyState === \"complete\") && !once_revslider11 ) { once_revslider11 = true; revinit_revslider11();}});} else {once_revslider11 = true; revinit_revslider11();}\n\t\t\t\t<\/script>\n\t\t\t<\/rs-module-wrap>\n\t\t\t<!-- END REVOLUTION SLIDER -->\n<\/div><!-- .col-* -->\n\t\t<\/div>\n\n\t<\/div>\n<\/section>\n\n<section class=\" ls      s-pt-50 s-pb-50\"\n         id=\"section-92ee199\"\n\t\t\t>\n\t<h6 class=\"d-none\">section-92ee199<\/h6>\n\t\t<div class=\"container\">\n\t\t<div class=\"row\">\n\t\t\t<div class=\"col-xs-12 col-12\" >\n\t\t<h6 class=\"special-heading text-center\">\n\t\t<span class=\"\">\n\t\t<span class=\"above\">Informa\u010dn\u00ed Syst\u00e9m C\u00e9zar<\/span>\t<\/span>\n\t<\/h6>\n<div class=\"fw-divider-space \"><\/div>\n\t<h5 class=\"special-heading text-center\">\n\t\t<span class=\"\">\n\t\tV cloudov\u00e9m prost\u0159ed\u00ed\t<\/span>\n\t<\/h5>\n<div class=\"fw-divider-space divider-20 divider-sm-10 divider-md-10 divider-lg-20 divider-xl-20\"><\/div>\n<p>Informa\u010dn\u00ed syst\u00e9m C\u00e9zar nyn\u00ed m\u016f\u017eete provozovat nejenom na vlastn\u00edm serveru um\u00edst\u011bn\u00e9m ve va\u0161\u00ed firm\u011b, ale tak\u00e9 nez\u00e1visle na va\u0161\u00ed po\u010d\u00edta\u010dov\u00e9 s\u00edti u v\u00e1s ve firm\u011b. \u0158\u00edk\u00e1me tomu provozov\u00e1n\u00ed informa\u010dn\u00edho syst\u00e9mu <strong>C\u00e9zar v cloudu<\/strong>. Nen\u00ed nutn\u00e9 po\u0159izovat a udr\u017eovat v\u00e1\u0161 vlastn\u00ed server, platit za jeho spr\u00e1vu. V\u0161e m\u016f\u017eete <strong>nechat na n\u00e1s<\/strong> a va\u0161i u\u017eivatel\u00e9 mohou v klidu pracovat.<\/p><div class=\"fw-divider-space divider-30\"><\/div>\n<\/div><!-- .col-* -->\n<div class=\"col-xs-12 col-12 col-lg-3\" >\n\t        <div class=\"icon-box text-center\">\n                            <div class=\"icon-styled fs-60  color-main\">\n                    <i class=\"ico icon-cloud-computing\"><\/i>                <\/div>\n                                            <h5>\n                                            Cloud                                        <\/h5>\n                                        <p>Z jak\u00e9hokoli m\u00edsta se m\u016f\u017eete p\u0159ipojit k programu C\u00c9ZAR<\/p>\n                                <\/div><!-- .icon-box -->\n        <\/div><!-- .col-* -->\n<div class=\"col-xs-12 col-12 col-lg-3\" >\n\t        <div class=\"icon-box text-center\">\n                            <div class=\"icon-styled fs-60  color-main\">\n                    <i class=\"ico icon-customer-support\"><\/i>                <\/div>\n                                            <h5>\n                                            Dohled                                        <\/h5>\n                                        <p>V\u0161echny servery jsou pod neust\u00e1l\u00fdm dohledem technik\u016f<\/p>\n                                <\/div><!-- .icon-box -->\n        <\/div><!-- .col-* -->\n<div class=\"col-xs-12 col-12 col-lg-3\" >\n\t        <div class=\"icon-box text-center\">\n                            <div class=\"icon-styled fs-60  color-main\">\n                    <i class=\"ico icon-lock\"><\/i>                <\/div>\n                                            <h5>\n                                            Zabezpe\u010den\u00ed                                        <\/h5>\n                                        <p>Bezpe\u010dn\u011b ochr\u00e1n\u011bno proti vir\u016fm i \u00fatok\u016fm z Internetu<\/p>\n                                <\/div><!-- .icon-box -->\n        <\/div><!-- .col-* -->\n<div class=\"col-xs-12 col-12 col-lg-3\" >\n\t        <div class=\"icon-box text-center\">\n                            <div class=\"icon-styled fs-60  color-main\">\n                    <i class=\"ico icon-hand\"><\/i>                <\/div>\n                                            <h5>\n                                            Cena                                        <\/h5>\n                                        <p>N\u00edzk\u00e1 cena v\u010detn\u011b v\u0161ech pot\u0159ebn\u00fdch licenc\u00ed<\/p>\n                                <\/div><!-- .icon-box -->\n        <\/div><!-- .col-* -->\n\t\t<\/div>\n\n\t<\/div>\n<\/section>\n\n<section class=\" ls      s-pt-230 s-pb-230         hidden-xs     s-parallax\"\n         id=\"section-a762f0a\"\n\tstyle=\"background-image:url(https:\/\/cezar-cloud.cz\/wp-content\/uploads\/2021\/08\/paralax-server-1.jpg);\"\t\t>\n\t<h6 class=\"d-none\">section-a762f0a<\/h6>\n\t\t<div class=\"container-fluid\">\n\t\t<div class=\"row\">\n\t\t\t<div class=\"col-xs-12 col-12\" >\n\t<div class=\"fw-divider-space divider-10\"><\/div>\n<\/div><!-- .col-* -->\n\t\t<\/div>\n\n\t<\/div>\n<\/section>\n\n<section class=\" ls ms      s-pt-50 s-pb-50\"\n         id=\"section-4b8b179\"\n\t\t\t>\n\t<h6 class=\"d-none\">section-4b8b179<\/h6>\n\t\t<div class=\"container\">\n\t\t<div class=\"row\">\n\t\t\t<div class=\"col-xs-12 col-12\" >\n\t\t<h6 class=\"special-heading text-center\">\n\t\t<span class=\"\">\n\t\t<span class=\"above\">Provoz na serverech v cloudu<\/span>\t<\/span>\n\t<\/h6>\n<div class=\"fw-divider-space \"><\/div>\n\t<h5 class=\"special-heading text-center\">\n\t\t<span class=\"\">\n\t\tKomu um\u00edme t\u00edmto \u0159e\u0161en\u00edm pomoci?\t<\/span>\n\t<\/h5>\n<div class=\"fw-divider-space divider-0\"><\/div>\n<\/div><!-- .col-* -->\n\t\t<\/div>\n\n\t<\/div>\n<\/section>\n\n<section class=\" ls      s-pt-50 s-pb-50\"\n         id=\"section-8136b2a\"\n\t\t\t>\n\t<h6 class=\"d-none\">section-8136b2a<\/h6>\n\t\t<div class=\"container\">\n\t\t<div class=\"row\">\n\t\t\t<div class=\"col-xs-12 col-12 col-lg-4 hidden-xs\" >\n\t\t<div class=\"p-15  \">\n\t<div class=\"img-wrap  img-left  \" ><img src=\"\/\/cezar-cloud.cz\/wp-content\/uploads\/2021\/05\/pozadi-pro-obrazky-1.png\" class=\"default\" alt=\"\/\/cezar-cloud.cz\/wp-content\/uploads\/2021\/05\/pozadi-pro-obrazky-1.png\" \/><img src=\"\/\/cezar-cloud.cz\/wp-content\/uploads\/2021\/08\/nemame-server.jpg\" alt=\"\/\/cezar-cloud.cz\/wp-content\/uploads\/2021\/05\/pozadi-pro-obrazky-1.png\" \/><\/div >\t<\/div>\n\t<\/div><!-- .col-* -->\n<div class=\"col-xs-12 col-12 col-lg-8\" >\n\t\t<h5 class=\"special-heading text-center\">\n\t\t<span class=\"\">\n\t\tNem\u00e1me u n\u00e1s vlastn\u00ed server\t<\/span>\n\t<\/h5>\n<div class=\"fw-divider-space divider-20\"><\/div>\n<p>Pokud nem\u00e1te vlastn\u00ed server nebo ten v\u00e1\u0161 ji\u017e dosluhuje, lze informa\u010dn\u00ed syst\u00e9m C\u00e9zar p\u0159en\u00e9st na na\u0161e servery a provozovat jej bez va\u0161eho vlastn\u00edho n\u00e1kladn\u00e9ho technick\u00e9ho vybaven\u00ed. O provoz a cel\u00e9 z\u00e1zem\u00ed se postaraj\u00ed zku\u0161en\u00ed technici.<\/p><ul class=\"custom-style\">\n\t\t\t<li>\n\t\t\t<div class=\"icon-inline\">\n            <div class=\"icon-styled\">\n\n                        <i class=\"fa fa-check  fontsize_16\"><\/i>\n            \n        <\/div>\n        <p>\n                Nepot\u0159ebujete vlastn\u00ed serverov\u00fd hardware    <\/p>\n<\/div>\n\t\t<\/li>\n\t\t\t<li>\n\t\t\t<div class=\"icon-inline\">\n            <div class=\"icon-styled\">\n\n                        <i class=\"fa fa-check  fontsize_16\"><\/i>\n            \n        <\/div>\n        <p>\n                Spr\u00e1va serveru je pln\u011b zaji\u0161t\u011bna na\u0161imi techniky    <\/p>\n<\/div>\n\t\t<\/li>\n\t\t\t<li>\n\t\t\t<div class=\"icon-inline\">\n            <div class=\"icon-styled\">\n\n                        <i class=\"fa fa-check  fontsize_16\"><\/i>\n            \n        <\/div>\n        <p>\n                Pot\u0159ebn\u00e9 licence jsou sou\u010d\u00e1st\u00ed pron\u00e1jmu    <\/p>\n<\/div>\n\t\t<\/li>\n\t<\/ul><\/div><!-- .col-* -->\n\t\t<\/div>\n\n\t<\/div>\n<\/section>\n\n<section class=\" ls ms      s-pt-50 s-pb-50\"\n         id=\"section-1cd4bf9\"\n\t\t\t>\n\t<h6 class=\"d-none\">section-1cd4bf9<\/h6>\n\t\t<div class=\"container\">\n\t\t<div class=\"row\">\n\t\t\t<div class=\"col-xs-12 col-12 col-lg-8\" >\n\t\t<h5 class=\"special-heading text-center\">\n\t\t<span class=\"\">\n\t\tM\u00e1me v\u00edce pobo\u010dek \u010di provozoven\t<\/span>\n\t<\/h5>\n<div class=\"fw-divider-space divider-20\"><\/div>\n<p>Pobo\u010dky nebo va\u0161e prodejny budou p\u0159istupovat na spole\u010dn\u00e9 m\u00edsto, v\u0161ichni pracuj\u00ed spole\u010dn\u011b na jednom virtu\u00e1ln\u00edm serveru, tak\u017ee budete m\u00edt v\u017edy p\u0159esn\u00fd p\u0159ehled o prodej\u00edch, u\u017eivatel\u00edch, data v\u0161ech pobo\u010dek budou pro v\u00e1s dostupn\u00e1 zcela on-line.<\/p><\/div><!-- .col-* -->\n<div class=\"col-xs-12 col-12 col-lg-4 hidden-xs\" >\n\t<div class=\"img-wrap  img-right  \" ><img src=\"\/\/cezar-cloud.cz\/wp-content\/uploads\/2021\/05\/pozadi-pro-obrazky-1.png\" class=\"default\" alt=\"\/\/cezar-cloud.cz\/wp-content\/uploads\/2021\/05\/pozadi-pro-obrazky-1.png\" \/><img src=\"\/\/cezar-cloud.cz\/wp-content\/uploads\/2021\/08\/vice-pobocek-prodejen.jpg\" alt=\"\/\/cezar-cloud.cz\/wp-content\/uploads\/2021\/05\/pozadi-pro-obrazky-1.png\" \/><\/div ><\/div><!-- .col-* -->\n\t\t<\/div>\n\n\t<\/div>\n<\/section>\n\n<section class=\" ls      s-pt-50 s-pb-50\"\n         id=\"section-c9caa02\"\n\t\t\t>\n\t<h6 class=\"d-none\">section-c9caa02<\/h6>\n\t\t<div class=\"container\">\n\t\t<div class=\"row\">\n\t\t\t<div class=\"col-xs-12 col-12 col-lg-4 hidden-xs\" >\n\t\t<div class=\"p-15  \">\n\t<div class=\"img-wrap  img-left  \" ><img src=\"\/\/cezar-cloud.cz\/wp-content\/uploads\/2021\/05\/pozadi-pro-obrazky-1.png\" class=\"default\" alt=\"\/\/cezar-cloud.cz\/wp-content\/uploads\/2021\/05\/pozadi-pro-obrazky-1.png\" \/><img src=\"\/\/cezar-cloud.cz\/wp-content\/uploads\/2021\/04\/cezar-prace-kdekoli-odkudkoli.jpg\" alt=\"\/\/cezar-cloud.cz\/wp-content\/uploads\/2021\/05\/pozadi-pro-obrazky-1.png\" \/><\/div >\t<\/div>\n\t<\/div><!-- .col-* -->\n<div class=\"col-xs-12 col-12 col-lg-8\" >\n\t\t<h5 class=\"special-heading text-center\">\n\t\t<span class=\"\">\n\t\tChci k C\u00e9zaru p\u0159istupovat odkudkoli\t<\/span>\n\t<\/h5>\n<div class=\"fw-divider-space divider-20\"><\/div>\n<p>U\u017eivatel\u00e9, kte\u0159\u00ed pracuj\u00ed na cest\u00e1ch, obchodn\u00ed z\u00e1stupci i cestuj\u00edc\u00ed majitel\u00e9 \u010di zam\u011bstnanci firmy budou m\u00edt spole\u010dn\u00e1 data spolu s ostatn\u00edmi u\u017eivateli v\u017edy k dispozici. Nen\u00ed t\u0159eba p\u0159en\u00e1\u0161et z\u00e1lohy \u010di aktualizovat data. V\u0161e je dostupn\u00e9 v\u017edy a odkudkoli.<\/p><\/div><!-- .col-* -->\n\t\t<\/div>\n\n\t<\/div>\n<\/section>\n\n<section class=\" ds     s-pt-50 s-pb-50              cover-background s-overlay\"\n         id=\"section-51c9875\"\n\tstyle=\"background-image:url(https:\/\/cezar-cloud.cz\/wp-content\/uploads\/2021\/08\/formular-background.jpg);\"\t\t>\n\t<h6 class=\"d-none\">section-51c9875<\/h6>\n\t\t<div class=\"container\">\n\t\t<div class=\"row\">\n\t\t\t<div class=\"col-xs-12 col-12\" >\n\t<div class=\"form-wrapper \">\n\t<form data-fw-form-id=\"fw_form\" method=\"post\" action=\"https:\/\/cezar-cloud.cz\/index.php\/wp-json\/wp\/v2\/pages\/1342\" class=\"fw_form_fw_form\" data-fw-ext-forms-type=\"contact-forms\"><input type=\"hidden\" name=\"fwf\" value=\"fw_form\" \/><input type=\"hidden\" id=\"_nonce_6b65adf87dfa4c0f9f1add10925be14a\" name=\"_nonce_6b65adf87dfa4c0f9f1add10925be14a\" value=\"764b209f30\" \/><input type=\"hidden\" name=\"_wp_http_referer\" value=\"\/index.php\/wp-json\/wp\/v2\/pages\/1342\" \/><input type=\"hidden\" name=\"fw_ext_forms_form_type\" value=\"contact-forms\" \/><input type=\"hidden\" name=\"fw_ext_forms_form_id\" value=\"8fc40b921742031c267c2939daf2c413\" \/><div class=\"wrap-forms\">\n\t<div class=\"row c-gutter-30 c-mb-15\"><\/div><div class=\"row c-gutter-30 c-mb-15\"><div class=\"col-xs-12 col-12 col-lg-6 form-builder-item\">\n\t<div class=\"form-group has-placeholder\">\n\t\t<label for=\"id-1\">N\u00e1zev va\u0161\u00ed firmy\t\t\t<sup>*<\/sup>\t\t<\/label>\n\t\t\t\t\t<i class=\"fa fa-building\"><\/i>\n\t\t\t\t<input class=\"form-control\" type=\"text\" name=\"text_5caf118\" placeholder=\"\" value=\"\" id=\"id-1\" required=\"required\">\n\t\t\t<\/div>\n<\/div><div class=\"col-xs-12 col-12 col-lg-6 form-builder-item\">\n\t<div class=\"form-group has-placeholder\">\n\t\t<label for=\"id-2\">Kontaktn\u00ed osoba\t\t\t<sup>*<\/sup>\t\t<\/label>\n\t\t\t\t\t<i class=\"fa fa-user\"><\/i>\n\t\t\t\t<input class=\"form-control\" type=\"text\" name=\"text_514f3bb\" placeholder=\"\" value=\"\" id=\"id-2\" required=\"required\">\n\t\t\t<\/div>\n<\/div><\/div><div class=\"row c-gutter-30 c-mb-15\"><div class=\"col-xs-12 col-12 col-lg-6 form-builder-item\">\n\t<div class=\"form-group has-placeholder\">\n\t\t<label for=\"id-3\">Telefon\t\t\t<sup>*<\/sup>\t\t<\/label>\n\t\t\t\t\t<i class=\"fa fa-phone\"><\/i>\n\t\t\t\t<input class=\"form-control\" type=\"text\" name=\"text_c9a01ff\" placeholder=\"\" value=\"\" id=\"id-3\" required=\"required\">\n\t\t\t<\/div>\n<\/div><div class=\"col-xs-12 col-12 col-lg-6 form-builder-item\">\n\t<div class=\"form-group has-placeholder\">\n\t\t<label for=\"id-4\">E-mail\t\t\t<sup>*<\/sup>\t\t<\/label>\n\t\t\t\t\t<i class=\"fa fa-envelope\"><\/i>\n\t\t\t\t<input class=\"form-control\" type=\"text\" name=\"text_92db803\" placeholder=\"\" value=\"\" id=\"id-4\" required=\"required\">\n\t\t\t<\/div>\n<\/div><\/div><div class=\"row c-gutter-30 c-mb-15\"><div class=\"col-xs-12 col-12 form-builder-item\">\n\t<div class=\"form-group has-placeholder\">\n\t\t<label for=\"id-5\">S \u010d\u00edm v\u00e1m m\u016f\u017eeme pomoci? M\u00e1te n\u011bjak\u00e9 ot\u00e1zky?\t\t\t\t\t<\/label>\n\t\t\t\t\t<i class=\"fa fa-align-left\"><\/i>\n\t\t\t\t<textarea class=\"form-control\" name=\"textarea_d297f02\" placeholder=\"\" id=\"id-5\"><\/textarea>\n\t\t\t<\/div>\n<\/div><\/div><div class=\"row c-gutter-30 c-mb-15\"><\/div><\/div><div class=\"wrap-forms\">\n\t<div class=\"row c-gutter-30 c-mb-15\">\n\t\t<div class=\"col-12 col-sm-12 mb-0\">\n\t\t\t<input class=\"btn btn-maincolor\" type=\"submit\" value=\"Odeslat\" \/>\n\t\t\t\t\t<\/div>\n\t<\/div>\n<\/div><\/form><\/div><\/div><!-- .col-* -->\n\t\t<\/div>\n\n\t<\/div>\n<\/section>\n<\/p>\n","protected":false},"excerpt":{"rendered":"<p>section-4402ea0 Va\u0161e data budou v\u017edy v bezpe\u010d\u00ed V\u0161echny servery jsou chr\u00e1n\u011bny proti \u00fatok\u016fm z Internetu Data jsou odd\u011blen\u00e1 od prost\u0159ed\u00ed, se kter\u00fdm pracuj\u00ed u\u017eivatel\u00e9 Komunikace se serverem prob\u00edh\u00e1 v \u0161ifrovan\u00e9m VPN tunelu Servery chr\u00e1n\u00ed v\u00fdkonn\u00fd syst\u00e9m firewall\u016f Ve\u0161ker\u00e1 technika je pod neust\u00e1l\u00fdm dohledem technik\u016f section-92ee199 Informa\u010dn\u00ed Syst\u00e9m C\u00e9zar V cloudov\u00e9m prost\u0159ed\u00ed Informa\u010dn\u00ed syst\u00e9m C\u00e9zar nyn\u00ed [&hellip;]<\/p>\n","protected":false},"author":1,"featured_media":0,"parent":0,"menu_order":0,"comment_status":"closed","ping_status":"closed","template":"page-templates\/full-width.php","meta":[],"_links":{"self":[{"href":"https:\/\/cezar-cloud.cz\/index.php\/wp-json\/wp\/v2\/pages\/1342"}],"collection":[{"href":"https:\/\/cezar-cloud.cz\/index.php\/wp-json\/wp\/v2\/pages"}],"about":[{"href":"https:\/\/cezar-cloud.cz\/index.php\/wp-json\/wp\/v2\/types\/page"}],"author":[{"embeddable":true,"href":"https:\/\/cezar-cloud.cz\/index.php\/wp-json\/wp\/v2\/users\/1"}],"replies":[{"embeddable":true,"href":"https:\/\/cezar-cloud.cz\/index.php\/wp-json\/wp\/v2\/comments?post=1342"}],"version-history":[{"count":95,"href":"https:\/\/cezar-cloud.cz\/index.php\/wp-json\/wp\/v2\/pages\/1342\/revisions"}],"predecessor-version":[{"id":1770,"href":"https:\/\/cezar-cloud.cz\/index.php\/wp-json\/wp\/v2\/pages\/1342\/revisions\/1770"}],"wp:attachment":[{"href":"https:\/\/cezar-cloud.cz\/index.php\/wp-json\/wp\/v2\/media?parent=1342"}],"curies":[{"name":"wp","href":"https:\/\/api.w.org\/{rel}","templated":true}]}}